{"id":796,"date":"2020-08-10T18:12:38","date_gmt":"2020-08-10T16:12:38","guid":{"rendered":"https:\/\/www.sprachschule-aktiv-passau.de\/jetzt-buchen\/"},"modified":"2022-03-17T15:05:27","modified_gmt":"2022-03-17T14:05:27","slug":"inregistreaza-te","status":"publish","type":"page","link":"https:\/\/www.sprachschule-aktiv-passau.de\/ro\/inregistreaza-te\/","title":{"rendered":"Inscrie-te acum"},"content":{"rendered":"<p>[vc_row css=&#8221;.vc_custom_1486284745672{margin-top: 25px !important;padding-bottom: 30px !important;}&#8221;][vc_column][vc_column_text]<\/p>\n<h1>\u00censcrie\u021bi-v\u0103 acum la \u0219coala noastr\u0103 de limbi din Passau<\/h1>\n<p>\u00censcrie\u021bi-v\u0103 acum la \u0219coala noastr\u0103 de limbi din Passau \u0219i \u00eenv\u0103\u021ba\u021bi rapid germana cu profesori nativi.[\/vc_column_text][vc_row_inner][vc_column_inner width=&#8221;2\/3&#8243;]\n<div class=\"wpcf7 no-js\" id=\"wpcf7-f799-o1\" lang=\"de-DE\" dir=\"ltr\" data-wpcf7-id=\"799\">\n<div class=\"screen-reader-response\"><p role=\"status\" aria-live=\"polite\" aria-atomic=\"true\"><\/p> <ul><\/ul><\/div>\n<form action=\"\/ro\/wp-json\/wp\/v2\/pages\/796#wpcf7-f799-o1\" method=\"post\" class=\"wpcf7-form init wpcf7-acceptance-as-validation\" aria-label=\"Kontaktformular\" novalidate=\"novalidate\" data-status=\"init\">\n<fieldset class=\"hidden-fields-container\"><input type=\"hidden\" name=\"_wpcf7\" value=\"799\" \/><input type=\"hidden\" name=\"_wpcf7_version\" value=\"6.1.5\" \/><input type=\"hidden\" name=\"_wpcf7_locale\" value=\"de_DE_formal\" \/><input type=\"hidden\" name=\"_wpcf7_unit_tag\" value=\"wpcf7-f799-o1\" \/><input type=\"hidden\" name=\"_wpcf7_container_post\" value=\"0\" \/><input type=\"hidden\" name=\"_wpcf7_posted_data_hash\" value=\"\" \/><input type=\"hidden\" name=\"_wpcf7cf_hidden_group_fields\" value=\"[]\" \/><input type=\"hidden\" name=\"_wpcf7cf_hidden_groups\" value=\"[]\" \/><input type=\"hidden\" name=\"_wpcf7cf_visible_groups\" value=\"[]\" \/><input type=\"hidden\" name=\"_wpcf7cf_repeaters\" value=\"[]\" \/><input type=\"hidden\" name=\"_wpcf7cf_steps\" value=\"{}\" \/><input type=\"hidden\" name=\"_wpcf7cf_options\" value=\"{&quot;form_id&quot;:799,&quot;conditions&quot;:[{&quot;then_field&quot;:&quot;kursart2&quot;,&quot;and_rules&quot;:[{&quot;if_field&quot;:&quot;Kursart&quot;,&quot;operator&quot;:&quot;equals&quot;,&quot;if_value&quot;:&quot;Alt tip de curs&quot;},{&quot;if_field&quot;:&quot;kursart22&quot;,&quot;operator&quot;:&quot;not equals&quot;,&quot;if_value&quot;:&quot;Kursart&quot;}]},{&quot;then_field&quot;:&quot;kursartintensiv&quot;,&quot;and_rules&quot;:[{&quot;if_field&quot;:&quot;Kursart&quot;,&quot;operator&quot;:&quot;equals&quot;,&quot;if_value&quot;:&quot;Curs intensiv&quot;}]},{&quot;then_field&quot;:&quot;kursartprivatfirmen&quot;,&quot;and_rules&quot;:[{&quot;if_field&quot;:&quot;Kursart&quot;,&quot;operator&quot;:&quot;equals&quot;,&quot;if_value&quot;:&quot;Curs privat&quot;}]},{&quot;then_field&quot;:&quot;kursartprivatfirmen&quot;,&quot;and_rules&quot;:[{&quot;if_field&quot;:&quot;Kursart&quot;,&quot;operator&quot;:&quot;equals&quot;,&quot;if_value&quot;:&quot;Curs de companie&quot;}]}],&quot;settings&quot;:{&quot;animation&quot;:&quot;yes&quot;,&quot;animation_intime&quot;:200,&quot;animation_outtime&quot;:200,&quot;conditions_ui&quot;:&quot;normal&quot;,&quot;notice_dismissed&quot;:false}}\" \/><input type=\"hidden\" name=\"_wpcf7_recaptcha_response\" value=\"\" \/>\n<\/fieldset>\n<div class=\"clearfix_WAM\">\n\t<div id=\"left50\">\n\t\t<p>Titlu<br \/>\n<span class=\"wpcf7-form-control-wrap\" data-name=\"anrede\"><select class=\"wpcf7-form-control wpcf7-select\" aria-invalid=\"false\" name=\"anrede\"><option value=\"\">&#8211; Bitte ausw\u00e4hlen &#8211;<\/option><option value=\"Doamna\">Doamna<\/option><option value=\"Domnul\">Domnul<\/option><\/select><\/span>\n\t\t<\/p>\n\t<\/div>\n\t<div id=\"right50\">\n\t\t<p>Companie: <span class=\"wpcf7-form-control-wrap\" data-name=\"Firma\"><input size=\"40\" maxlength=\"400\" class=\"wpcf7-form-control wpcf7-text\" aria-invalid=\"false\" value=\"\" type=\"text\" name=\"Firma\" \/><\/span>\n\t\t<\/p>\n\t<\/div>\n<\/div>\n<div class=\"clearfix_WAM\">\n\t<div id=\"left50\">\n\t\t<p>Prenume*: <span class=\"wpcf7-form-control-wrap\" data-name=\"Vorname\"><input size=\"40\" maxlength=\"400\" class=\"wpcf7-form-control wpcf7-text wpcf7-validates-as-required\" aria-required=\"true\" aria-invalid=\"false\" value=\"\" type=\"text\" name=\"Vorname\" \/><\/span>\n\t\t<\/p>\n\t<\/div>\n\t<div id=\"right50\">\n\t\t<p>Nume*: <span class=\"wpcf7-form-control-wrap\" data-name=\"Nachname\"><input size=\"40\" maxlength=\"400\" class=\"wpcf7-form-control wpcf7-text wpcf7-validates-as-required\" aria-required=\"true\" aria-invalid=\"false\" value=\"\" type=\"text\" name=\"Nachname\" \/><\/span>\n\t\t<\/p>\n\t<\/div>\n<\/div>\n<p>Strada \u0219i num\u0103rul*: <span class=\"wpcf7-form-control-wrap\" data-name=\"Strasse\"><input size=\"40\" maxlength=\"400\" class=\"wpcf7-form-control wpcf7-text wpcf7-validates-as-required\" aria-required=\"true\" aria-invalid=\"false\" value=\"\" type=\"text\" name=\"Strasse\" \/><\/span>\n<\/p>\n<div class=\"clearfix_WAM\">\n\t<div id=\"left30\">\n\t\t<p>Cod po\u0219tal*: <span class=\"wpcf7-form-control-wrap\" data-name=\"PLZ\"><input size=\"40\" maxlength=\"400\" class=\"wpcf7-form-control wpcf7-text wpcf7-validates-as-required\" aria-required=\"true\" aria-invalid=\"false\" value=\"\" type=\"text\" name=\"PLZ\" \/><\/span>\n\t\t<\/p>\n\t<\/div>\n\t<div id=\"right70\">\n\t\t<p>Ora\u0219*: <span class=\"wpcf7-form-control-wrap\" data-name=\"Ort\"><input size=\"40\" maxlength=\"400\" class=\"wpcf7-form-control wpcf7-text wpcf7-validates-as-required\" aria-required=\"true\" aria-invalid=\"false\" value=\"\" type=\"text\" name=\"Ort\" \/><\/span>\n\t\t<\/p>\n\t<\/div>\n<\/div>\n<p>\u021aar\u0103*: <span class=\"wpcf7-form-control-wrap\" data-name=\"Land\"><input size=\"40\" maxlength=\"400\" class=\"wpcf7-form-control wpcf7-text wpcf7-validates-as-required\" aria-required=\"true\" aria-invalid=\"false\" value=\"\" type=\"text\" name=\"Land\" \/><\/span>\n<\/p>\n<p>Telefon*: <span class=\"wpcf7-form-control-wrap\" data-name=\"Telefon\"><input size=\"40\" maxlength=\"400\" class=\"wpcf7-form-control wpcf7-tel wpcf7-validates-as-required wpcf7-text wpcf7-validates-as-tel\" aria-required=\"true\" aria-invalid=\"false\" value=\"\" type=\"tel\" name=\"Telefon\" \/><\/span>\n<\/p>\n<p>E-mail*: <span class=\"wpcf7-form-control-wrap\" data-name=\"Email\"><input size=\"40\" maxlength=\"400\" class=\"wpcf7-form-control wpcf7-email wpcf7-validates-as-required wpcf7-text wpcf7-validates-as-email medium\" aria-required=\"true\" aria-invalid=\"false\" value=\"\" type=\"email\" name=\"Email\" \/><\/span>\n<\/p>\n<p><B>Informa\u021bii despre curs: <\/b>\n<\/p>\n<p>Ce limb\u0103 dori\u021bi s\u0103 \u00eenv\u0103\u021ba\u021bi?* : <span class=\"wpcf7-form-control-wrap\" data-name=\"Sprache\"><input size=\"40\" maxlength=\"400\" class=\"wpcf7-form-control wpcf7-text wpcf7-validates-as-required\" aria-required=\"true\" aria-invalid=\"false\" placeholder=\"de exemplu. German\u0103, englez\u0103, spaniol\u0103\" value=\"\" type=\"text\" name=\"Sprache\" \/><\/span>\n<\/p>\n<p>Tipul cursului*: <span class=\"wpcf7-form-control-wrap\" data-name=\"Kursart\"><select class=\"wpcf7-form-control wpcf7-select wpcf7-validates-as-required\" aria-required=\"true\" aria-invalid=\"false\" name=\"Kursart\"><option value=\"Curs intensiv\">Curs intensiv<\/option><option value=\"Curs de sear\u0103\">Curs de sear\u0103<\/option><option value=\"Curs privat\">Curs privat<\/option><option value=\"Curs de companie\">Curs de companie<\/option><option value=\"Alt tip de curs\">Alt tip de curs<\/option><\/select><\/span>\n<\/p>\n<div data-id=\"kursart2\" data-orig_data_id=\"kursart2\"  class=\"\" data-class=\"wpcf7cf_group\">\n\t<p>V\u0103 rug\u0103m s\u0103 introduce\u021bi tipul de curs dorit aici *:<br \/>\n<span class=\"wpcf7-form-control-wrap\" data-name=\"kursart22\"><input size=\"40\" maxlength=\"400\" class=\"wpcf7-form-control wpcf7-text wpcf7-validates-as-required\" aria-required=\"true\" aria-invalid=\"false\" value=\"\" type=\"text\" name=\"kursart22\" \/><\/span>\n\t<\/p>\n<\/div>\n<div data-id=\"kursartintensiv\" data-orig_data_id=\"kursartintensiv\"  class=\"\" data-class=\"wpcf7cf_group\">\n\t<p>Durata cursului intensiv \u00een s\u0103pt\u0103m\u00e2ni *:<br \/>\n<span class=\"wpcf7-form-control-wrap\" data-name=\"dauerintensiv\"><input class=\"wpcf7-form-control wpcf7-number wpcf7-validates-as-required wpcf7-validates-as-number\" min=\"1\" aria-required=\"true\" aria-invalid=\"false\" value=\"\" type=\"number\" name=\"dauerintensiv\" \/><\/span>\n\t<\/p>\n<\/div>\n<div data-id=\"kursartprivatfirmen\" data-orig_data_id=\"kursartprivatfirmen\"  class=\"\" data-class=\"wpcf7cf_group\">\n\t<p>Num\u0103r de lec\u021bii (45 de minute fiecare) *:<br \/>\n<span class=\"wpcf7-form-control-wrap\" data-name=\"dauerprivatfirmen\"><input class=\"wpcf7-form-control wpcf7-number wpcf7-validates-as-required wpcf7-validates-as-number\" min=\"1\" aria-required=\"true\" aria-invalid=\"false\" value=\"\" type=\"number\" name=\"dauerprivatfirmen\" \/><\/span>\n\t<\/p>\n<\/div>\n<div class=\"clearfix_WAM\">\n\t<div id=\"left50\">\n\t\t<p>Nivel*: <span class=\"wpcf7-form-control-wrap\" data-name=\"niveau\"><select class=\"wpcf7-form-control wpcf7-select wpcf7-validates-as-required\" aria-required=\"true\" aria-invalid=\"false\" name=\"niveau\"><option value=\"A1 (\u00cencep\u0103tor)\">A1 (\u00cencep\u0103tor)<\/option><option value=\"A2 (Elementar)\">A2 (Elementar)<\/option><option value=\"B1 (Intermediar)\">B1 (Intermediar)<\/option><option value=\"B2 (Vantage \/ Intermediar bun)\">B2 (Vantage \/ Intermediar bun)<\/option><option value=\"C1 (Avansat)\">C1 (Avansat)<\/option><option value=\"C1-medicin\u0103\">C1-medicin\u0103<\/option><option value=\"C1-stomatologie\">C1-stomatologie<\/option><option value=\"C2 (Competen\u021b\u0103 \/ Excelent)\">C2 (Competen\u021b\u0103 \/ Excelent)<\/option><\/select><\/span>\n\t\t<\/p>\n\t<\/div>\n\t<div id=\"right50\">\n\t\t<p>\u00cenceputul cursului*: <span class=\"wpcf7-form-control-wrap\" data-name=\"Kursbeginn\"><input class=\"wpcf7-form-control wpcf7-date wpcf7-validates-as-required wpcf7-validates-as-date\" aria-required=\"true\" aria-invalid=\"false\" value=\"\" type=\"date\" name=\"Kursbeginn\" \/><\/span>\n\t\t<\/p>\n\t<\/div>\n<\/div>\n<p><B>Plat\u0103: <\/b>\n<\/p>\n<p>Metode de plat\u0103: <span class=\"wpcf7-form-control-wrap\" data-name=\"Zahlung\"><select class=\"wpcf7-form-control wpcf7-select wpcf7-validates-as-required\" aria-required=\"true\" aria-invalid=\"false\" name=\"Zahlung\"><option value=\"Transfer bancar\">Transfer bancar<\/option><option value=\"Paypal: passau@sprachschule-aktiv.de\">Paypal: passau@sprachschule-aktiv.de<\/option><\/select><\/span>\n<\/p>\n<p><B>Remarci, note<\/b>\n<\/p>\n<p><span class=\"wpcf7-form-control-wrap\" data-name=\"Bemerkungen\"><textarea cols=\"40\" rows=\"10\" maxlength=\"2000\" class=\"wpcf7-form-control wpcf7-textarea\" aria-invalid=\"false\" name=\"Bemerkungen\"><\/textarea><\/span>\n<\/p>\n<div style=\"\">\n\t<p><span class=\"wpcf7-form-control-wrap\" data-name=\"agb\"><span class=\"wpcf7-form-control wpcf7-acceptance\"><span class=\"wpcf7-list-item\"><input type=\"checkbox\" name=\"agb\" value=\"1\" aria-invalid=\"false\" \/><\/span><\/span><\/span> (*) Am citit \u0219i accept <a href=\"https:\/\/www.sprachschule-aktiv-passau.de\/ro\/allgemeine-geschaeftsbedingungen-englisch\/\" target=\"_blank\">termenii legali<\/a> \u0219i <a href=\"https:\/\/www.sprachschule-aktiv-passau.de\/ro\/datenschutzerklaerung\/\" target=\"_blank\">politica de confiden\u021bialitate<\/a> a datelor.\n\t<\/p>\n<\/div>\n<p><input class=\"wpcf7-form-control wpcf7-submit has-spinner\" type=\"submit\" value=\"Trimite\" \/>\n<\/p>\n<div style=\"clear: both; height: 40px;\">\n<\/div>\n<p style=\"font-size: 12px;\"><b>Condi\u021bii de anulare:<\/b> gratuit cu p\u00e2n\u0103 la 7 zile \u00eenainte de \u00eenceperea cursului, mai t\u00e2rziu posibil\u0103 anularea este exclus\u0103 (cu excep\u021bia cursurilor pentru viz\u0103 lingvistic\u0103, care nu pot fi anulate). Anul\u0103rile trebuie f\u0103cute \u00een scris. Detalii \u00een Termenii \u0219i condi\u021biile generale.\n<\/p><p style=\"display: none !important;\" class=\"akismet-fields-container\" data-prefix=\"_wpcf7_ak_\"><label>&#916;<textarea name=\"_wpcf7_ak_hp_textarea\" cols=\"45\" rows=\"8\" maxlength=\"100\"><\/textarea><\/label><input type=\"hidden\" id=\"ak_js_1\" name=\"_wpcf7_ak_js\" value=\"200\"\/><script>document.getElementById( \"ak_js_1\" ).setAttribute( \"value\", ( new Date() ).getTime() );<\/script><\/p><div class=\"wpcf7-response-output\" aria-hidden=\"true\"><\/div>\n<\/form>\n<\/div>\n[\/vc_column_inner][vc_column_inner width=&#8221;1\/3&#8243; css=&#8221;.vc_custom_1486286691342{margin-top: 15px !important;}&#8221;][vc_column_text]<\/p>\n<h2>Sprachschule Aktiv Passau<\/h2>\n<p>Telefon: <span class=\"\">+49 (0) 851 966 924 13<\/span><\/p>\n<p>WhatsApp: <span class=\"\">+49 (0) 151 164 746 70<\/span><\/p>\n<p>E-mail: <a href=\"mailto:passau@sprachschule-aktiv.de\">passau@sprachschule-aktiv.de<\/a><\/p>\n<p>Adresa:<\/p>\n<p>Steiningergasse 2<br \/>\nD &#8211; 94032 Passau[\/vc_column_text][\/vc_column_inner][\/vc_row_inner][\/vc_column][\/vc_row]<\/p>\n","protected":false},"excerpt":{"rendered":"<p>[vc_row css=&#8221;.vc_custom_1486284745672{margin-top: 25px !important;padding-bottom: 30px !important;}&#8221;][vc_column][vc_column_text] \u00censcrie\u021bi-v\u0103 acum la \u0219coala noastr\u0103 de limbi din Passau \u00censcrie\u021bi-v\u0103 acum la \u0219coala noastr\u0103 de limbi din Passau \u0219i \u00eenv\u0103\u021ba\u021bi rapid germana cu profesori nativi.[\/vc_column_text][vc_row_inner][vc_column_inner width=&#8221;2\/3&#8243;][\/vc_column_inner][vc_column_inner width=&#8221;1\/3&#8243; css=&#8221;.vc_custom_1486286691342{margin-top: 15px !important;}&#8221;][vc_column_text] Sprachschule Aktiv Passau Telefon: +49 (0) 851 966 924 13 WhatsApp: +49 (0) 151 164 746 70 E-mail: passau@sprachschule-aktiv.de&hellip; <a class=\"read-more\" href=\"https:\/\/www.sprachschule-aktiv-passau.de\/ro\/inregistreaza-te\/\" title=\"Read Inscrie-te acum\">Read more &raquo;<\/a><\/p>\n","protected":false},"author":1,"featured_media":0,"parent":0,"menu_order":0,"comment_status":"closed","ping_status":"closed","template":"","meta":{"footnotes":""},"class_list":["post-796","page","type-page","status-publish","hentry"],"yoast_head":"<!-- This site is optimized with the Yoast SEO plugin v27.1.1 - https:\/\/yoast.com\/product\/yoast-seo-wordpress\/ -->\n<title>\u00censcrie\u021bi-v\u0103 acum la \u0219coala noastr\u0103 de limbi din Passau<\/title>\n<meta name=\"description\" content=\"\u00censcrie\u021bi-v\u0103 acum la \u0219coala noastr\u0103 de limbi din Passau \u0219i \u00eenv\u0103\u021ba\u021bi rapid germana cu profesori nativi.\" \/>\n<meta name=\"robots\" content=\"index, follow, max-snippet:-1, max-image-preview:large, max-video-preview:-1\" \/>\n<link rel=\"canonical\" href=\"https:\/\/www.sprachschule-aktiv-passau.de\/ro\/inregistreaza-te\/\" \/>\n<meta property=\"og:locale\" content=\"ro_RO\" \/>\n<meta property=\"og:type\" content=\"article\" \/>\n<meta property=\"og:title\" content=\"\u00censcrie\u021bi-v\u0103 acum la \u0219coala noastr\u0103 de limbi din Passau\" \/>\n<meta property=\"og:description\" content=\"\u00censcrie\u021bi-v\u0103 acum la \u0219coala noastr\u0103 de limbi din Passau \u0219i \u00eenv\u0103\u021ba\u021bi rapid germana cu profesori nativi.\" \/>\n<meta property=\"og:url\" content=\"https:\/\/www.sprachschule-aktiv-passau.de\/ro\/inregistreaza-te\/\" \/>\n<meta property=\"og:site_name\" content=\"Sprachschule Aktiv Passau\" \/>\n<meta property=\"article:modified_time\" content=\"2022-03-17T14:05:27+00:00\" \/>\n<meta name=\"twitter:card\" content=\"summary_large_image\" \/>\n<meta name=\"twitter:label1\" content=\"Timp estimat pentru citire\" \/>\n\t<meta name=\"twitter:data1\" content=\"1 minut\" \/>\n<script type=\"application\/ld+json\" class=\"yoast-schema-graph\">{\"@context\":\"https:\/\/schema.org\",\"@graph\":[{\"@type\":\"WebPage\",\"@id\":\"https:\/\/www.sprachschule-aktiv-passau.de\/ro\/inregistreaza-te\/\",\"url\":\"https:\/\/www.sprachschule-aktiv-passau.de\/ro\/inregistreaza-te\/\",\"name\":\"\u00censcrie\u021bi-v\u0103 acum la \u0219coala noastr\u0103 de limbi din Passau\",\"isPartOf\":{\"@id\":\"https:\/\/www.sprachschule-aktiv-passau.de\/en\/#website\"},\"datePublished\":\"2020-08-10T16:12:38+00:00\",\"dateModified\":\"2022-03-17T14:05:27+00:00\",\"description\":\"\u00censcrie\u021bi-v\u0103 acum la \u0219coala noastr\u0103 de limbi din Passau \u0219i \u00eenv\u0103\u021ba\u021bi rapid germana cu profesori nativi.\",\"breadcrumb\":{\"@id\":\"https:\/\/www.sprachschule-aktiv-passau.de\/ro\/inregistreaza-te\/#breadcrumb\"},\"inLanguage\":\"ro-RO\",\"potentialAction\":[{\"@type\":\"ReadAction\",\"target\":[\"https:\/\/www.sprachschule-aktiv-passau.de\/ro\/inregistreaza-te\/\"]}]},{\"@type\":\"BreadcrumbList\",\"@id\":\"https:\/\/www.sprachschule-aktiv-passau.de\/ro\/inregistreaza-te\/#breadcrumb\",\"itemListElement\":[{\"@type\":\"ListItem\",\"position\":1,\"name\":\"Startseite\",\"item\":\"https:\/\/www.sprachschule-aktiv-passau.de\/ro\/\"},{\"@type\":\"ListItem\",\"position\":2,\"name\":\"Inscrie-te acum\"}]},{\"@type\":\"WebSite\",\"@id\":\"https:\/\/www.sprachschule-aktiv-passau.de\/en\/#website\",\"url\":\"https:\/\/www.sprachschule-aktiv-passau.de\/en\/\",\"name\":\"Sprachschule Aktiv Passau\",\"description\":\"\",\"potentialAction\":[{\"@type\":\"SearchAction\",\"target\":{\"@type\":\"EntryPoint\",\"urlTemplate\":\"https:\/\/www.sprachschule-aktiv-passau.de\/en\/?s={search_term_string}\"},\"query-input\":{\"@type\":\"PropertyValueSpecification\",\"valueRequired\":true,\"valueName\":\"search_term_string\"}}],\"inLanguage\":\"ro-RO\"}]}<\/script>\n<!-- \/ Yoast SEO plugin. -->","yoast_head_json":{"title":"\u00censcrie\u021bi-v\u0103 acum la \u0219coala noastr\u0103 de limbi din Passau","description":"\u00censcrie\u021bi-v\u0103 acum la \u0219coala noastr\u0103 de limbi din Passau \u0219i \u00eenv\u0103\u021ba\u021bi rapid germana cu profesori nativi.","robots":{"index":"index","follow":"follow","max-snippet":"max-snippet:-1","max-image-preview":"max-image-preview:large","max-video-preview":"max-video-preview:-1"},"canonical":"https:\/\/www.sprachschule-aktiv-passau.de\/ro\/inregistreaza-te\/","og_locale":"ro_RO","og_type":"article","og_title":"\u00censcrie\u021bi-v\u0103 acum la \u0219coala noastr\u0103 de limbi din Passau","og_description":"\u00censcrie\u021bi-v\u0103 acum la \u0219coala noastr\u0103 de limbi din Passau \u0219i \u00eenv\u0103\u021ba\u021bi rapid germana cu profesori nativi.","og_url":"https:\/\/www.sprachschule-aktiv-passau.de\/ro\/inregistreaza-te\/","og_site_name":"Sprachschule Aktiv Passau","article_modified_time":"2022-03-17T14:05:27+00:00","twitter_card":"summary_large_image","twitter_misc":{"Timp estimat pentru citire":"1 minut"},"schema":{"@context":"https:\/\/schema.org","@graph":[{"@type":"WebPage","@id":"https:\/\/www.sprachschule-aktiv-passau.de\/ro\/inregistreaza-te\/","url":"https:\/\/www.sprachschule-aktiv-passau.de\/ro\/inregistreaza-te\/","name":"\u00censcrie\u021bi-v\u0103 acum la \u0219coala noastr\u0103 de limbi din Passau","isPartOf":{"@id":"https:\/\/www.sprachschule-aktiv-passau.de\/en\/#website"},"datePublished":"2020-08-10T16:12:38+00:00","dateModified":"2022-03-17T14:05:27+00:00","description":"\u00censcrie\u021bi-v\u0103 acum la \u0219coala noastr\u0103 de limbi din Passau \u0219i \u00eenv\u0103\u021ba\u021bi rapid germana cu profesori nativi.","breadcrumb":{"@id":"https:\/\/www.sprachschule-aktiv-passau.de\/ro\/inregistreaza-te\/#breadcrumb"},"inLanguage":"ro-RO","potentialAction":[{"@type":"ReadAction","target":["https:\/\/www.sprachschule-aktiv-passau.de\/ro\/inregistreaza-te\/"]}]},{"@type":"BreadcrumbList","@id":"https:\/\/www.sprachschule-aktiv-passau.de\/ro\/inregistreaza-te\/#breadcrumb","itemListElement":[{"@type":"ListItem","position":1,"name":"Startseite","item":"https:\/\/www.sprachschule-aktiv-passau.de\/ro\/"},{"@type":"ListItem","position":2,"name":"Inscrie-te acum"}]},{"@type":"WebSite","@id":"https:\/\/www.sprachschule-aktiv-passau.de\/en\/#website","url":"https:\/\/www.sprachschule-aktiv-passau.de\/en\/","name":"Sprachschule Aktiv Passau","description":"","potentialAction":[{"@type":"SearchAction","target":{"@type":"EntryPoint","urlTemplate":"https:\/\/www.sprachschule-aktiv-passau.de\/en\/?s={search_term_string}"},"query-input":{"@type":"PropertyValueSpecification","valueRequired":true,"valueName":"search_term_string"}}],"inLanguage":"ro-RO"}]}},"_links":{"self":[{"href":"https:\/\/www.sprachschule-aktiv-passau.de\/ro\/wp-json\/wp\/v2\/pages\/796","targetHints":{"allow":["GET"]}}],"collection":[{"href":"https:\/\/www.sprachschule-aktiv-passau.de\/ro\/wp-json\/wp\/v2\/pages"}],"about":[{"href":"https:\/\/www.sprachschule-aktiv-passau.de\/ro\/wp-json\/wp\/v2\/types\/page"}],"author":[{"embeddable":true,"href":"https:\/\/www.sprachschule-aktiv-passau.de\/ro\/wp-json\/wp\/v2\/users\/1"}],"replies":[{"embeddable":true,"href":"https:\/\/www.sprachschule-aktiv-passau.de\/ro\/wp-json\/wp\/v2\/comments?post=796"}],"version-history":[{"count":4,"href":"https:\/\/www.sprachschule-aktiv-passau.de\/ro\/wp-json\/wp\/v2\/pages\/796\/revisions"}],"predecessor-version":[{"id":1550,"href":"https:\/\/www.sprachschule-aktiv-passau.de\/ro\/wp-json\/wp\/v2\/pages\/796\/revisions\/1550"}],"wp:attachment":[{"href":"https:\/\/www.sprachschule-aktiv-passau.de\/ro\/wp-json\/wp\/v2\/media?parent=796"}],"curies":[{"name":"wp","href":"https:\/\/api.w.org\/{rel}","templated":true}]}}