{"id":790,"date":"2020-08-10T17:56:41","date_gmt":"2020-08-10T15:56:41","guid":{"rendered":"https:\/\/www.sprachschule-aktiv-passau.de\/kontakt\/"},"modified":"2021-09-09T11:33:11","modified_gmt":"2021-09-09T09:33:11","slug":"a-lua-legatura","status":"publish","type":"page","link":"https:\/\/www.sprachschule-aktiv-passau.de\/ro\/a-lua-legatura\/","title":{"rendered":"Contacteaz\u0103-ne"},"content":{"rendered":"<p>[vc_row css=&#8221;.vc_custom_1486284745672{margin-top: 25px !important;padding-bottom: 30px !important;}&#8221;][vc_column][vc_column_text]<\/p>\n<h1>Contacta\u021bi \u0219coala noastr\u0103 de limbi str\u0103ine<\/h1>\n<p>Contacta\u021bi \u0219coala noastr\u0103 de limbi str\u0103ine \u0219i \u00eenv\u0103\u021ba\u021bi limba german\u0103 \u00een Passau cu profesori nativi.[\/vc_column_text][vc_separator css=&#8221;.vc_custom_1486292233861{padding-top: 30px !important;padding-bottom: 30px !important;}&#8221;][vc_row_inner][vc_column_inner width=&#8221;2\/3&#8243;]\n<div class=\"wpcf7 no-js\" id=\"wpcf7-f793-o1\" lang=\"de-DE\" dir=\"ltr\" data-wpcf7-id=\"793\">\n<div class=\"screen-reader-response\"><p role=\"status\" aria-live=\"polite\" aria-atomic=\"true\"><\/p> <ul><\/ul><\/div>\n<form action=\"\/ro\/wp-json\/wp\/v2\/pages\/790#wpcf7-f793-o1\" method=\"post\" class=\"wpcf7-form init wpcf7-acceptance-as-validation\" aria-label=\"Kontaktformular\" novalidate=\"novalidate\" data-status=\"init\">\n<fieldset class=\"hidden-fields-container\"><input type=\"hidden\" name=\"_wpcf7\" value=\"793\" \/><input type=\"hidden\" name=\"_wpcf7_version\" value=\"6.1.5\" \/><input type=\"hidden\" name=\"_wpcf7_locale\" value=\"de_DE_formal\" \/><input type=\"hidden\" name=\"_wpcf7_unit_tag\" value=\"wpcf7-f793-o1\" \/><input type=\"hidden\" name=\"_wpcf7_container_post\" value=\"0\" \/><input type=\"hidden\" name=\"_wpcf7_posted_data_hash\" value=\"\" \/><input type=\"hidden\" name=\"_wpcf7cf_hidden_group_fields\" value=\"[]\" \/><input type=\"hidden\" name=\"_wpcf7cf_hidden_groups\" value=\"[]\" \/><input type=\"hidden\" name=\"_wpcf7cf_visible_groups\" value=\"[]\" \/><input type=\"hidden\" name=\"_wpcf7cf_repeaters\" value=\"[]\" \/><input type=\"hidden\" name=\"_wpcf7cf_steps\" value=\"{}\" \/><input type=\"hidden\" name=\"_wpcf7cf_options\" value=\"{&quot;form_id&quot;:793,&quot;conditions&quot;:[],&quot;settings&quot;:{&quot;animation&quot;:&quot;yes&quot;,&quot;animation_intime&quot;:200,&quot;animation_outtime&quot;:200,&quot;conditions_ui&quot;:&quot;normal&quot;,&quot;notice_dismissed&quot;:false}}\" \/><input type=\"hidden\" name=\"_wpcf7_recaptcha_response\" value=\"\" \/>\n<\/fieldset>\n<p>Firm\u0103: <span class=\"wpcf7-form-control-wrap\" data-name=\"Firma\"><input size=\"40\" maxlength=\"400\" class=\"wpcf7-form-control wpcf7-text fullwidth\" aria-invalid=\"false\" value=\"\" type=\"text\" name=\"Firma\" \/><\/span>\n<\/p>\n<div class=\"clearfix_WAM\">\n\t<div id=\"left50\">\n\t\t<p>Prenume*: <span class=\"wpcf7-form-control-wrap\" data-name=\"Vorname\"><input size=\"40\" maxlength=\"400\" class=\"wpcf7-form-control wpcf7-text wpcf7-validates-as-required fullwidth\" aria-required=\"true\" aria-invalid=\"false\" value=\"\" type=\"text\" name=\"Vorname\" \/><\/span>\n\t\t<\/p>\n\t<\/div>\n\t<div id=\"right50\">\n\t\t<p>Nume*: <span class=\"wpcf7-form-control-wrap\" data-name=\"Nachname\"><input size=\"40\" maxlength=\"400\" class=\"wpcf7-form-control wpcf7-text wpcf7-validates-as-required fullwidth\" aria-required=\"true\" aria-invalid=\"false\" value=\"\" type=\"text\" name=\"Nachname\" \/><\/span>\n\t\t<\/p>\n\t<\/div>\n<\/div>\n<p>E-mail*: <span class=\"wpcf7-form-control-wrap\" data-name=\"email\"><input size=\"40\" maxlength=\"400\" class=\"wpcf7-form-control wpcf7-email wpcf7-validates-as-required wpcf7-text wpcf7-validates-as-email fullwidth\" aria-required=\"true\" aria-invalid=\"false\" value=\"\" type=\"email\" name=\"email\" \/><\/span>\n<\/p>\n<p>Telefon*: <span class=\"wpcf7-form-control-wrap\" data-name=\"Telefon\"><input size=\"40\" maxlength=\"400\" class=\"wpcf7-form-control wpcf7-tel wpcf7-validates-as-required wpcf7-text wpcf7-validates-as-tel fullwidth\" aria-required=\"true\" aria-invalid=\"false\" value=\"\" type=\"tel\" name=\"Telefon\" \/><\/span>\n<\/p>\n<p>\u00centrebarea dvs: <span class=\"wpcf7-form-control-wrap\" data-name=\"message\"><textarea cols=\"200\" rows=\"7\" maxlength=\"2000\" class=\"wpcf7-form-control wpcf7-textarea\" aria-invalid=\"false\" name=\"message\"><\/textarea><\/span>\n<\/p>\n<div style=\"\">\n\t<p><span class=\"wpcf7-form-control-wrap\" data-name=\"agb\"><span class=\"wpcf7-form-control wpcf7-acceptance\"><span class=\"wpcf7-list-item\"><input type=\"checkbox\" name=\"agb\" value=\"1\" aria-invalid=\"false\" \/><\/span><\/span><\/span> (*) Am citit \u0219i accept <a href=\"https:\/\/www.sprachschule-aktiv-passau.de\/ro\/allgemeine-geschaeftsbedingungen-englisch\/\" target=\"_blank\">termenii legali<\/a> \u0219i <a href=\"https:\/\/www.sprachschule-aktiv-passau.de\/ro\/datenschutzerklaerung\/\" target=\"_blank\">politica de confiden\u021bialitate<\/a> a datelor.\n\t<\/p>\n<\/div>\n<p><input class=\"wpcf7-form-control wpcf7-submit has-spinner fullwidth\" type=\"submit\" value=\"Trimite\" \/>\n<\/p><p style=\"display: none !important;\" class=\"akismet-fields-container\" data-prefix=\"_wpcf7_ak_\"><label>&#916;<textarea name=\"_wpcf7_ak_hp_textarea\" cols=\"45\" rows=\"8\" maxlength=\"100\"><\/textarea><\/label><input type=\"hidden\" id=\"ak_js_1\" name=\"_wpcf7_ak_js\" value=\"127\"\/><script>document.getElementById( \"ak_js_1\" ).setAttribute( \"value\", ( new Date() ).getTime() );<\/script><\/p><div class=\"wpcf7-response-output\" aria-hidden=\"true\"><\/div>\n<\/form>\n<\/div>\n[\/vc_column_inner][vc_column_inner width=&#8221;1\/3&#8243; css=&#8221;.vc_custom_1486292395419{margin-top: 25px !important;}&#8221;][vc_column_text]<\/p>\n<h2>Sprachschule Aktiv Passau<\/h2>\n<p>Telefon: <span class=\"\">+49 (0) 851 966 924 13<\/span><\/p>\n<p>WhatsApp: <span class=\"\">+49 (0) 151 164 746 70<\/span><\/p>\n<p>E-mail: <a href=\"mailto:passau@sprachschule-aktiv.de\">passau@sprachschule-aktiv.de<\/a><\/p>\n<p>Adresa:<\/p>\n<p>Steiningergasse 2<br \/>\nD &#8211; 94032 Passau[\/vc_column_text][\/vc_column_inner][\/vc_row_inner][\/vc_column][\/vc_row]<\/p>\n","protected":false},"excerpt":{"rendered":"<p>[vc_row css=&#8221;.vc_custom_1486284745672{margin-top: 25px !important;padding-bottom: 30px !important;}&#8221;][vc_column][vc_column_text] Contacta\u021bi \u0219coala noastr\u0103 de limbi str\u0103ine Contacta\u021bi \u0219coala noastr\u0103 de limbi str\u0103ine \u0219i \u00eenv\u0103\u021ba\u021bi limba german\u0103 \u00een Passau cu profesori nativi.[\/vc_column_text][vc_separator css=&#8221;.vc_custom_1486292233861{padding-top: 30px !important;padding-bottom: 30px !important;}&#8221;][vc_row_inner][vc_column_inner width=&#8221;2\/3&#8243;][\/vc_column_inner][vc_column_inner width=&#8221;1\/3&#8243; css=&#8221;.vc_custom_1486292395419{margin-top: 25px !important;}&#8221;][vc_column_text] Sprachschule Aktiv Passau Telefon: +49 (0) 851 966 924 13 WhatsApp: +49 (0) 151 164 746 70 E-mail:&hellip; <a class=\"read-more\" href=\"https:\/\/www.sprachschule-aktiv-passau.de\/ro\/a-lua-legatura\/\" title=\"Read Contacteaz\u0103-ne\">Read more &raquo;<\/a><\/p>\n","protected":false},"author":1,"featured_media":0,"parent":0,"menu_order":0,"comment_status":"closed","ping_status":"closed","template":"","meta":{"footnotes":""},"class_list":["post-790","page","type-page","status-publish","hentry"],"yoast_head":"<!-- This site is optimized with the Yoast SEO plugin v27.1.1 - https:\/\/yoast.com\/product\/yoast-seo-wordpress\/ -->\n<title>Contacta\u021bi \u0219coala noastr\u0103 de limbi str\u0103ine \u00een Passau<\/title>\n<meta name=\"description\" content=\"Contacta\u021bi \u0219coala noastr\u0103 de limbi str\u0103ine \u0219i \u00eenv\u0103\u021ba\u021bi limba german\u0103 \u00een Passau cu profesori nativi. \u00cenva\u021b\u0103 rapid limba german\u0103.\" \/>\n<meta name=\"robots\" content=\"index, follow, max-snippet:-1, max-image-preview:large, max-video-preview:-1\" \/>\n<link rel=\"canonical\" href=\"https:\/\/www.sprachschule-aktiv-passau.de\/ro\/a-lua-legatura\/\" \/>\n<meta property=\"og:locale\" content=\"ro_RO\" \/>\n<meta property=\"og:type\" content=\"article\" \/>\n<meta property=\"og:title\" content=\"Contacta\u021bi \u0219coala noastr\u0103 de limbi str\u0103ine \u00een Passau\" \/>\n<meta property=\"og:description\" content=\"Contacta\u021bi \u0219coala noastr\u0103 de limbi str\u0103ine \u0219i \u00eenv\u0103\u021ba\u021bi limba german\u0103 \u00een Passau cu profesori nativi. \u00cenva\u021b\u0103 rapid limba german\u0103.\" \/>\n<meta property=\"og:url\" content=\"https:\/\/www.sprachschule-aktiv-passau.de\/ro\/a-lua-legatura\/\" \/>\n<meta property=\"og:site_name\" content=\"Sprachschule Aktiv Passau\" \/>\n<meta property=\"article:modified_time\" content=\"2021-09-09T09:33:11+00:00\" \/>\n<meta name=\"twitter:card\" content=\"summary_large_image\" \/>\n<meta name=\"twitter:label1\" content=\"Timp estimat pentru citire\" \/>\n\t<meta name=\"twitter:data1\" content=\"1 minut\" \/>\n<script type=\"application\/ld+json\" class=\"yoast-schema-graph\">{\"@context\":\"https:\/\/schema.org\",\"@graph\":[{\"@type\":\"WebPage\",\"@id\":\"https:\/\/www.sprachschule-aktiv-passau.de\/ro\/a-lua-legatura\/\",\"url\":\"https:\/\/www.sprachschule-aktiv-passau.de\/ro\/a-lua-legatura\/\",\"name\":\"Contacta\u021bi \u0219coala noastr\u0103 de limbi str\u0103ine \u00een Passau\",\"isPartOf\":{\"@id\":\"https:\/\/www.sprachschule-aktiv-passau.de\/en\/#website\"},\"datePublished\":\"2020-08-10T15:56:41+00:00\",\"dateModified\":\"2021-09-09T09:33:11+00:00\",\"description\":\"Contacta\u021bi \u0219coala noastr\u0103 de limbi str\u0103ine \u0219i \u00eenv\u0103\u021ba\u021bi limba german\u0103 \u00een Passau cu profesori nativi. \u00cenva\u021b\u0103 rapid limba german\u0103.\",\"breadcrumb\":{\"@id\":\"https:\/\/www.sprachschule-aktiv-passau.de\/ro\/a-lua-legatura\/#breadcrumb\"},\"inLanguage\":\"ro-RO\",\"potentialAction\":[{\"@type\":\"ReadAction\",\"target\":[\"https:\/\/www.sprachschule-aktiv-passau.de\/ro\/a-lua-legatura\/\"]}]},{\"@type\":\"BreadcrumbList\",\"@id\":\"https:\/\/www.sprachschule-aktiv-passau.de\/ro\/a-lua-legatura\/#breadcrumb\",\"itemListElement\":[{\"@type\":\"ListItem\",\"position\":1,\"name\":\"Startseite\",\"item\":\"https:\/\/www.sprachschule-aktiv-passau.de\/ro\/\"},{\"@type\":\"ListItem\",\"position\":2,\"name\":\"Contacteaz\u0103-ne\"}]},{\"@type\":\"WebSite\",\"@id\":\"https:\/\/www.sprachschule-aktiv-passau.de\/en\/#website\",\"url\":\"https:\/\/www.sprachschule-aktiv-passau.de\/en\/\",\"name\":\"Sprachschule Aktiv Passau\",\"description\":\"\",\"potentialAction\":[{\"@type\":\"SearchAction\",\"target\":{\"@type\":\"EntryPoint\",\"urlTemplate\":\"https:\/\/www.sprachschule-aktiv-passau.de\/en\/?s={search_term_string}\"},\"query-input\":{\"@type\":\"PropertyValueSpecification\",\"valueRequired\":true,\"valueName\":\"search_term_string\"}}],\"inLanguage\":\"ro-RO\"}]}<\/script>\n<!-- \/ Yoast SEO plugin. -->","yoast_head_json":{"title":"Contacta\u021bi \u0219coala noastr\u0103 de limbi str\u0103ine \u00een Passau","description":"Contacta\u021bi \u0219coala noastr\u0103 de limbi str\u0103ine \u0219i \u00eenv\u0103\u021ba\u021bi limba german\u0103 \u00een Passau cu profesori nativi. \u00cenva\u021b\u0103 rapid limba german\u0103.","robots":{"index":"index","follow":"follow","max-snippet":"max-snippet:-1","max-image-preview":"max-image-preview:large","max-video-preview":"max-video-preview:-1"},"canonical":"https:\/\/www.sprachschule-aktiv-passau.de\/ro\/a-lua-legatura\/","og_locale":"ro_RO","og_type":"article","og_title":"Contacta\u021bi \u0219coala noastr\u0103 de limbi str\u0103ine \u00een Passau","og_description":"Contacta\u021bi \u0219coala noastr\u0103 de limbi str\u0103ine \u0219i \u00eenv\u0103\u021ba\u021bi limba german\u0103 \u00een Passau cu profesori nativi. \u00cenva\u021b\u0103 rapid limba german\u0103.","og_url":"https:\/\/www.sprachschule-aktiv-passau.de\/ro\/a-lua-legatura\/","og_site_name":"Sprachschule Aktiv Passau","article_modified_time":"2021-09-09T09:33:11+00:00","twitter_card":"summary_large_image","twitter_misc":{"Timp estimat pentru citire":"1 minut"},"schema":{"@context":"https:\/\/schema.org","@graph":[{"@type":"WebPage","@id":"https:\/\/www.sprachschule-aktiv-passau.de\/ro\/a-lua-legatura\/","url":"https:\/\/www.sprachschule-aktiv-passau.de\/ro\/a-lua-legatura\/","name":"Contacta\u021bi \u0219coala noastr\u0103 de limbi str\u0103ine \u00een Passau","isPartOf":{"@id":"https:\/\/www.sprachschule-aktiv-passau.de\/en\/#website"},"datePublished":"2020-08-10T15:56:41+00:00","dateModified":"2021-09-09T09:33:11+00:00","description":"Contacta\u021bi \u0219coala noastr\u0103 de limbi str\u0103ine \u0219i \u00eenv\u0103\u021ba\u021bi limba german\u0103 \u00een Passau cu profesori nativi. \u00cenva\u021b\u0103 rapid limba german\u0103.","breadcrumb":{"@id":"https:\/\/www.sprachschule-aktiv-passau.de\/ro\/a-lua-legatura\/#breadcrumb"},"inLanguage":"ro-RO","potentialAction":[{"@type":"ReadAction","target":["https:\/\/www.sprachschule-aktiv-passau.de\/ro\/a-lua-legatura\/"]}]},{"@type":"BreadcrumbList","@id":"https:\/\/www.sprachschule-aktiv-passau.de\/ro\/a-lua-legatura\/#breadcrumb","itemListElement":[{"@type":"ListItem","position":1,"name":"Startseite","item":"https:\/\/www.sprachschule-aktiv-passau.de\/ro\/"},{"@type":"ListItem","position":2,"name":"Contacteaz\u0103-ne"}]},{"@type":"WebSite","@id":"https:\/\/www.sprachschule-aktiv-passau.de\/en\/#website","url":"https:\/\/www.sprachschule-aktiv-passau.de\/en\/","name":"Sprachschule Aktiv Passau","description":"","potentialAction":[{"@type":"SearchAction","target":{"@type":"EntryPoint","urlTemplate":"https:\/\/www.sprachschule-aktiv-passau.de\/en\/?s={search_term_string}"},"query-input":{"@type":"PropertyValueSpecification","valueRequired":true,"valueName":"search_term_string"}}],"inLanguage":"ro-RO"}]}},"_links":{"self":[{"href":"https:\/\/www.sprachschule-aktiv-passau.de\/ro\/wp-json\/wp\/v2\/pages\/790","targetHints":{"allow":["GET"]}}],"collection":[{"href":"https:\/\/www.sprachschule-aktiv-passau.de\/ro\/wp-json\/wp\/v2\/pages"}],"about":[{"href":"https:\/\/www.sprachschule-aktiv-passau.de\/ro\/wp-json\/wp\/v2\/types\/page"}],"author":[{"embeddable":true,"href":"https:\/\/www.sprachschule-aktiv-passau.de\/ro\/wp-json\/wp\/v2\/users\/1"}],"replies":[{"embeddable":true,"href":"https:\/\/www.sprachschule-aktiv-passau.de\/ro\/wp-json\/wp\/v2\/comments?post=790"}],"version-history":[{"count":5,"href":"https:\/\/www.sprachschule-aktiv-passau.de\/ro\/wp-json\/wp\/v2\/pages\/790\/revisions"}],"predecessor-version":[{"id":1549,"href":"https:\/\/www.sprachschule-aktiv-passau.de\/ro\/wp-json\/wp\/v2\/pages\/790\/revisions\/1549"}],"wp:attachment":[{"href":"https:\/\/www.sprachschule-aktiv-passau.de\/ro\/wp-json\/wp\/v2\/media?parent=790"}],"curies":[{"name":"wp","href":"https:\/\/api.w.org\/{rel}","templated":true}]}}