{"id":1074,"date":"2020-12-27T11:10:39","date_gmt":"2020-12-27T10:10:39","guid":{"rendered":"https:\/\/www.sprachschule-aktiv-passau.de\/?page_id=1074"},"modified":"2021-09-09T15:16:33","modified_gmt":"2021-09-09T13:16:33","slug":"contact-ecole-de-langue-passau","status":"publish","type":"page","link":"https:\/\/www.sprachschule-aktiv-passau.de\/fr\/contact-ecole-de-langue-passau\/","title":{"rendered":"Contacter"},"content":{"rendered":"<p>[vc_row][vc_column][vc_column_text]<\/p>\n<h2>Contactez notre \u00e9cole de langues \u00e0 Passau<\/h2>\n<p>Contactez notre \u00e9cole de langues \u00e0 Passau et apprenez l&#8217;allemand et d&#8217;autres langues avec des professeurs natifs.[\/vc_column_text][\/vc_column][\/vc_row][vc_row][vc_column width=&#8221;2\/3&#8243;]\n<div class=\"wpcf7 no-js\" id=\"wpcf7-f1024-o1\" lang=\"de-DE\" dir=\"ltr\" data-wpcf7-id=\"1024\">\n<div class=\"screen-reader-response\"><p role=\"status\" aria-live=\"polite\" aria-atomic=\"true\"><\/p> <ul><\/ul><\/div>\n<form action=\"\/fr\/wp-json\/wp\/v2\/pages\/1074#wpcf7-f1024-o1\" method=\"post\" class=\"wpcf7-form init wpcf7-acceptance-as-validation\" aria-label=\"Kontaktformular\" novalidate=\"novalidate\" data-status=\"init\">\n<fieldset class=\"hidden-fields-container\"><input type=\"hidden\" name=\"_wpcf7\" value=\"1024\" \/><input type=\"hidden\" name=\"_wpcf7_version\" value=\"6.1.5\" \/><input type=\"hidden\" name=\"_wpcf7_locale\" value=\"de_DE_formal\" \/><input type=\"hidden\" name=\"_wpcf7_unit_tag\" value=\"wpcf7-f1024-o1\" \/><input type=\"hidden\" name=\"_wpcf7_container_post\" value=\"0\" \/><input type=\"hidden\" name=\"_wpcf7_posted_data_hash\" value=\"\" \/><input type=\"hidden\" name=\"_wpcf7cf_hidden_group_fields\" value=\"[]\" \/><input type=\"hidden\" name=\"_wpcf7cf_hidden_groups\" value=\"[]\" \/><input type=\"hidden\" name=\"_wpcf7cf_visible_groups\" value=\"[]\" \/><input type=\"hidden\" name=\"_wpcf7cf_repeaters\" value=\"[]\" \/><input type=\"hidden\" name=\"_wpcf7cf_steps\" value=\"{}\" \/><input type=\"hidden\" name=\"_wpcf7cf_options\" value=\"{&quot;form_id&quot;:1024,&quot;conditions&quot;:[],&quot;settings&quot;:{&quot;animation&quot;:&quot;yes&quot;,&quot;animation_intime&quot;:200,&quot;animation_outtime&quot;:200,&quot;conditions_ui&quot;:&quot;normal&quot;,&quot;notice_dismissed&quot;:false}}\" \/><input type=\"hidden\" name=\"_wpcf7_recaptcha_response\" value=\"\" \/>\n<\/fieldset>\n<p>Entreprise: <span class=\"wpcf7-form-control-wrap\" data-name=\"Firma\"><input size=\"40\" maxlength=\"400\" class=\"wpcf7-form-control wpcf7-text fullwidth\" aria-invalid=\"false\" value=\"\" type=\"text\" name=\"Firma\" \/><\/span>\n<\/p>\n<div class=\"clearfix_WAM\">\n\t<div id=\"left50\">\n\t\t<p>Pr\u00e9nom*: <span class=\"wpcf7-form-control-wrap\" data-name=\"Vorname\"><input size=\"40\" maxlength=\"400\" class=\"wpcf7-form-control wpcf7-text wpcf7-validates-as-required fullwidth\" aria-required=\"true\" aria-invalid=\"false\" value=\"\" type=\"text\" name=\"Vorname\" \/><\/span>\n\t\t<\/p>\n\t<\/div>\n\t<div id=\"right50\">\n\t\t<p>Nom de famille*: <span class=\"wpcf7-form-control-wrap\" data-name=\"Nachname\"><input size=\"40\" maxlength=\"400\" class=\"wpcf7-form-control wpcf7-text wpcf7-validates-as-required fullwidth\" aria-required=\"true\" aria-invalid=\"false\" value=\"\" type=\"text\" name=\"Nachname\" \/><\/span>\n\t\t<\/p>\n\t<\/div>\n<\/div>\n<p>Email*: <span class=\"wpcf7-form-control-wrap\" data-name=\"email\"><input size=\"40\" maxlength=\"400\" class=\"wpcf7-form-control wpcf7-email wpcf7-validates-as-required wpcf7-text wpcf7-validates-as-email fullwidth\" aria-required=\"true\" aria-invalid=\"false\" value=\"\" type=\"email\" name=\"email\" \/><\/span>\n<\/p>\n<p>T\u00e9l\u00e9phone*: <span class=\"wpcf7-form-control-wrap\" data-name=\"Telefon\"><input size=\"40\" maxlength=\"400\" class=\"wpcf7-form-control wpcf7-tel wpcf7-validates-as-required wpcf7-text wpcf7-validates-as-tel fullwidth\" aria-required=\"true\" aria-invalid=\"false\" value=\"\" type=\"tel\" name=\"Telefon\" \/><\/span>\n<\/p>\n<p>Ta question: <span class=\"wpcf7-form-control-wrap\" data-name=\"message\"><textarea cols=\"200\" rows=\"7\" maxlength=\"2000\" class=\"wpcf7-form-control wpcf7-textarea\" aria-invalid=\"false\" name=\"message\"><\/textarea><\/span>\n<\/p>\n<div style=\"\">\n\t<p><span class=\"wpcf7-form-control-wrap\" data-name=\"agb\"><span class=\"wpcf7-form-control wpcf7-acceptance\"><span class=\"wpcf7-list-item\"><input type=\"checkbox\" name=\"agb\" value=\"1\" aria-invalid=\"false\" \/><\/span><\/span><\/span> (*) J'ai accept\u00e9 les <a href=\"https:\/\/www.sprachschule-aktiv-passau.de\/fr\/allgemeine-geschaeftsbedingungen-englisch\/\" target=\"_blank\">conditions g\u00e9n\u00e9rales<\/a> et j'ai lu les informations sur la <a href=\"https:\/\/www.sprachschule-aktiv-passau.de\/fr\/datenschutzerklaerung\/\" target=\"_blank\">protection des donn\u00e9es.<\/a>\n\t<\/p>\n<\/div>\n<p><b>Informations importantes - utilisation de vos donn\u00e9es \u00e0 partir de ce formulaire<\/b><br \/>\nInformations importantes sur la protection des donn\u00e9es: j'ai pris note du fait que j'ai le droit \u00e0 l'information, \u00e0 la rectification, \u00e0 la suppression ou \u00e0 l'anonymisation de mes donn\u00e9es. Vos donn\u00e9es personnelles seront enregistr\u00e9es dans notre base de donn\u00e9es interne et ne seront utilis\u00e9es que pour traiter votre demande ou votre inscription. Nous ne transmettons g\u00e9n\u00e9ralement pas vos donn\u00e9es personnelles \u00e0 des tiers sans votre consentement, sauf si cela est n\u00e9cessaire \u00e0 l'ex\u00e9cution du contrat ou que vous nous le demandez. Pour plus d'informations, veuillez consulter notre <a href=\"https:\/\/www.sprachschule-aktiv-passau.de\/fr\/datenschutzerklaerung\/\" target=\"_blank\">politique de confidentialit\u00e9<\/a>.\n<\/p>\n<p><input class=\"wpcf7-form-control wpcf7-submit has-spinner fullwidth\" type=\"submit\" value=\"Envoyer\" \/>\n<\/p><p style=\"display: none !important;\" class=\"akismet-fields-container\" data-prefix=\"_wpcf7_ak_\"><label>&#916;<textarea name=\"_wpcf7_ak_hp_textarea\" cols=\"45\" rows=\"8\" maxlength=\"100\"><\/textarea><\/label><input type=\"hidden\" id=\"ak_js_1\" name=\"_wpcf7_ak_js\" value=\"178\"\/><script>document.getElementById( \"ak_js_1\" ).setAttribute( \"value\", ( new Date() ).getTime() );<\/script><\/p><div class=\"wpcf7-response-output\" aria-hidden=\"true\"><\/div>\n<\/form>\n<\/div>\n[\/vc_column][vc_column width=&#8221;1\/3&#8243;][vc_column_text]<\/p>\n<h2>Sprachschule Aktiv Passau<\/h2>\n<p id=\"tw-target-text\" class=\"tw-data-text tw-text-large XcVN5d tw-ta\" dir=\"ltr\" data-placeholder=\"\u00dcbersetzung\"><span class=\"Y2IQFc\" lang=\"fr\">T\u00e9l<\/span>.: <span class=\"\">+49 (0) 851 966 924 13<\/span><\/p>\n<p>WhatsApp: <span class=\"\">+49 (0) 151 164 746 70<\/span><\/p>\n<p>E-mail: <a href=\"mailto:passau@sprachschule-aktiv.de\">passau@sprachschule-aktiv.de<\/a><\/p>\n<p><span class=\"VIiyi\" lang=\"es\"><span class=\"JLqJ4b ChMk0b\" data-language-for-alternatives=\"es\" data-language-to-translate-into=\"de\" data-phrase-index=\"0\">Adresse<\/span><\/span>:<\/p>\n<p>Steiningergasse 2<br \/>\nD \u2013 94032 Passau[\/vc_column_text][\/vc_column][\/vc_row]<\/p>\n","protected":false},"excerpt":{"rendered":"<p>[vc_row][vc_column][vc_column_text] Contactez notre \u00e9cole de langues \u00e0 Passau Contactez notre \u00e9cole de langues \u00e0 Passau et apprenez l&#8217;allemand et d&#8217;autres langues avec des professeurs natifs.[\/vc_column_text][\/vc_column][\/vc_row][vc_row][vc_column width=&#8221;2\/3&#8243;][\/vc_column][vc_column width=&#8221;1\/3&#8243;][vc_column_text] Sprachschule Aktiv Passau T\u00e9l.: +49 (0) 851 966 924 13 WhatsApp: +49 (0) 151 164 746 70 E-mail: passau@sprachschule-aktiv.de Adresse: Steiningergasse 2 D \u2013 94032 Passau[\/vc_column_text][\/vc_column][\/vc_row]<\/p>\n","protected":false},"author":2,"featured_media":0,"parent":0,"menu_order":0,"comment_status":"closed","ping_status":"closed","template":"","meta":{"footnotes":""},"class_list":["post-1074","page","type-page","status-publish","hentry"],"yoast_head":"<!-- This site is optimized with the Yoast SEO plugin v27.1.1 - https:\/\/yoast.com\/product\/yoast-seo-wordpress\/ -->\n<title>Contacter - Sprachschule Aktiv Passau<\/title>\n<meta name=\"robots\" content=\"index, follow, max-snippet:-1, max-image-preview:large, max-video-preview:-1\" \/>\n<link rel=\"canonical\" href=\"https:\/\/www.sprachschule-aktiv-passau.de\/fr\/contact-ecole-de-langue-passau\/\" \/>\n<meta property=\"og:locale\" content=\"fr_FR\" \/>\n<meta property=\"og:type\" content=\"article\" \/>\n<meta property=\"og:title\" content=\"Contacter - Sprachschule Aktiv Passau\" \/>\n<meta property=\"og:description\" content=\"[vc_row][vc_column][vc_column_text] Contactez notre \u00e9cole de langues \u00e0 Passau Contactez notre \u00e9cole de langues \u00e0 Passau et apprenez l&#8217;allemand et d&#8217;autres langues avec des professeurs natifs.[\/vc_column_text][\/vc_column][\/vc_row][vc_row][vc_column width=&#8221;2\/3&#8243;][\/vc_column][vc_column width=&#8221;1\/3&#8243;][vc_column_text] Sprachschule Aktiv Passau T\u00e9l.: +49 (0) 851 966 924 13 WhatsApp: +49 (0) 151 164 746 70 E-mail: passau@sprachschule-aktiv.de Adresse: Steiningergasse 2 D \u2013 94032 Passau[\/vc_column_text][\/vc_column][\/vc_row]\" \/>\n<meta property=\"og:url\" content=\"https:\/\/www.sprachschule-aktiv-passau.de\/fr\/contact-ecole-de-langue-passau\/\" \/>\n<meta property=\"og:site_name\" content=\"Sprachschule Aktiv Passau\" \/>\n<meta property=\"article:modified_time\" content=\"2021-09-09T13:16:33+00:00\" \/>\n<meta name=\"twitter:card\" content=\"summary_large_image\" \/>\n<meta name=\"twitter:label1\" content=\"Dur\u00e9e de lecture estim\u00e9e\" \/>\n\t<meta name=\"twitter:data1\" content=\"1 minute\" \/>\n<script type=\"application\/ld+json\" class=\"yoast-schema-graph\">{\"@context\":\"https:\/\/schema.org\",\"@graph\":[{\"@type\":\"WebPage\",\"@id\":\"https:\/\/www.sprachschule-aktiv-passau.de\/fr\/contact-ecole-de-langue-passau\/\",\"url\":\"https:\/\/www.sprachschule-aktiv-passau.de\/fr\/contact-ecole-de-langue-passau\/\",\"name\":\"Contacter - Sprachschule Aktiv Passau\",\"isPartOf\":{\"@id\":\"https:\/\/www.sprachschule-aktiv-passau.de\/en\/#website\"},\"datePublished\":\"2020-12-27T10:10:39+00:00\",\"dateModified\":\"2021-09-09T13:16:33+00:00\",\"breadcrumb\":{\"@id\":\"https:\/\/www.sprachschule-aktiv-passau.de\/fr\/contact-ecole-de-langue-passau\/#breadcrumb\"},\"inLanguage\":\"fr-FR\",\"potentialAction\":[{\"@type\":\"ReadAction\",\"target\":[\"https:\/\/www.sprachschule-aktiv-passau.de\/fr\/contact-ecole-de-langue-passau\/\"]}]},{\"@type\":\"BreadcrumbList\",\"@id\":\"https:\/\/www.sprachschule-aktiv-passau.de\/fr\/contact-ecole-de-langue-passau\/#breadcrumb\",\"itemListElement\":[{\"@type\":\"ListItem\",\"position\":1,\"name\":\"Startseite\",\"item\":\"https:\/\/www.sprachschule-aktiv-passau.de\/fr\/\"},{\"@type\":\"ListItem\",\"position\":2,\"name\":\"Contacter\"}]},{\"@type\":\"WebSite\",\"@id\":\"https:\/\/www.sprachschule-aktiv-passau.de\/en\/#website\",\"url\":\"https:\/\/www.sprachschule-aktiv-passau.de\/en\/\",\"name\":\"Sprachschule Aktiv Passau\",\"description\":\"\",\"potentialAction\":[{\"@type\":\"SearchAction\",\"target\":{\"@type\":\"EntryPoint\",\"urlTemplate\":\"https:\/\/www.sprachschule-aktiv-passau.de\/en\/?s={search_term_string}\"},\"query-input\":{\"@type\":\"PropertyValueSpecification\",\"valueRequired\":true,\"valueName\":\"search_term_string\"}}],\"inLanguage\":\"fr-FR\"}]}<\/script>\n<!-- \/ Yoast SEO plugin. -->","yoast_head_json":{"title":"Contacter - Sprachschule Aktiv Passau","robots":{"index":"index","follow":"follow","max-snippet":"max-snippet:-1","max-image-preview":"max-image-preview:large","max-video-preview":"max-video-preview:-1"},"canonical":"https:\/\/www.sprachschule-aktiv-passau.de\/fr\/contact-ecole-de-langue-passau\/","og_locale":"fr_FR","og_type":"article","og_title":"Contacter - Sprachschule Aktiv Passau","og_description":"[vc_row][vc_column][vc_column_text] Contactez notre \u00e9cole de langues \u00e0 Passau Contactez notre \u00e9cole de langues \u00e0 Passau et apprenez l&#8217;allemand et d&#8217;autres langues avec des professeurs natifs.[\/vc_column_text][\/vc_column][\/vc_row][vc_row][vc_column width=&#8221;2\/3&#8243;][\/vc_column][vc_column width=&#8221;1\/3&#8243;][vc_column_text] Sprachschule Aktiv Passau T\u00e9l.: +49 (0) 851 966 924 13 WhatsApp: +49 (0) 151 164 746 70 E-mail: passau@sprachschule-aktiv.de Adresse: Steiningergasse 2 D \u2013 94032 Passau[\/vc_column_text][\/vc_column][\/vc_row]","og_url":"https:\/\/www.sprachschule-aktiv-passau.de\/fr\/contact-ecole-de-langue-passau\/","og_site_name":"Sprachschule Aktiv Passau","article_modified_time":"2021-09-09T13:16:33+00:00","twitter_card":"summary_large_image","twitter_misc":{"Dur\u00e9e de lecture estim\u00e9e":"1 minute"},"schema":{"@context":"https:\/\/schema.org","@graph":[{"@type":"WebPage","@id":"https:\/\/www.sprachschule-aktiv-passau.de\/fr\/contact-ecole-de-langue-passau\/","url":"https:\/\/www.sprachschule-aktiv-passau.de\/fr\/contact-ecole-de-langue-passau\/","name":"Contacter - Sprachschule Aktiv Passau","isPartOf":{"@id":"https:\/\/www.sprachschule-aktiv-passau.de\/en\/#website"},"datePublished":"2020-12-27T10:10:39+00:00","dateModified":"2021-09-09T13:16:33+00:00","breadcrumb":{"@id":"https:\/\/www.sprachschule-aktiv-passau.de\/fr\/contact-ecole-de-langue-passau\/#breadcrumb"},"inLanguage":"fr-FR","potentialAction":[{"@type":"ReadAction","target":["https:\/\/www.sprachschule-aktiv-passau.de\/fr\/contact-ecole-de-langue-passau\/"]}]},{"@type":"BreadcrumbList","@id":"https:\/\/www.sprachschule-aktiv-passau.de\/fr\/contact-ecole-de-langue-passau\/#breadcrumb","itemListElement":[{"@type":"ListItem","position":1,"name":"Startseite","item":"https:\/\/www.sprachschule-aktiv-passau.de\/fr\/"},{"@type":"ListItem","position":2,"name":"Contacter"}]},{"@type":"WebSite","@id":"https:\/\/www.sprachschule-aktiv-passau.de\/en\/#website","url":"https:\/\/www.sprachschule-aktiv-passau.de\/en\/","name":"Sprachschule Aktiv Passau","description":"","potentialAction":[{"@type":"SearchAction","target":{"@type":"EntryPoint","urlTemplate":"https:\/\/www.sprachschule-aktiv-passau.de\/en\/?s={search_term_string}"},"query-input":{"@type":"PropertyValueSpecification","valueRequired":true,"valueName":"search_term_string"}}],"inLanguage":"fr-FR"}]}},"_links":{"self":[{"href":"https:\/\/www.sprachschule-aktiv-passau.de\/fr\/wp-json\/wp\/v2\/pages\/1074","targetHints":{"allow":["GET"]}}],"collection":[{"href":"https:\/\/www.sprachschule-aktiv-passau.de\/fr\/wp-json\/wp\/v2\/pages"}],"about":[{"href":"https:\/\/www.sprachschule-aktiv-passau.de\/fr\/wp-json\/wp\/v2\/types\/page"}],"author":[{"embeddable":true,"href":"https:\/\/www.sprachschule-aktiv-passau.de\/fr\/wp-json\/wp\/v2\/users\/2"}],"replies":[{"embeddable":true,"href":"https:\/\/www.sprachschule-aktiv-passau.de\/fr\/wp-json\/wp\/v2\/comments?post=1074"}],"version-history":[{"count":4,"href":"https:\/\/www.sprachschule-aktiv-passau.de\/fr\/wp-json\/wp\/v2\/pages\/1074\/revisions"}],"predecessor-version":[{"id":1634,"href":"https:\/\/www.sprachschule-aktiv-passau.de\/fr\/wp-json\/wp\/v2\/pages\/1074\/revisions\/1634"}],"wp:attachment":[{"href":"https:\/\/www.sprachschule-aktiv-passau.de\/fr\/wp-json\/wp\/v2\/media?parent=1074"}],"curies":[{"name":"wp","href":"https:\/\/api.w.org\/{rel}","templated":true}]}}