{"id":957,"date":"2020-08-10T18:12:38","date_gmt":"2020-08-10T16:12:38","guid":{"rendered":"https:\/\/www.sprachschule-aktiv-passau.de\/jetzt-buchen\/"},"modified":"2022-03-17T15:06:47","modified_gmt":"2022-03-17T14:06:47","slug":"inscripcion","status":"publish","type":"page","link":"https:\/\/www.sprachschule-aktiv-passau.de\/es\/inscripcion\/","title":{"rendered":"Inscr\u00edbete ahora"},"content":{"rendered":"<p>[vc_row css=&#8221;.vc_custom_1486284745672{margin-top: 25px !important;padding-bottom: 30px !important;}&#8221;][vc_column][vc_column_text]<\/p>\n<h1>Inscr\u00edbete en nuestra escuela de idiomas en Passau<\/h1>\n<p>Inscr\u00edbete en nuestra escuela de idiomas en Passau y aprenda alem\u00e1n de forma r\u00e1pida con profesores nativos y cualificados.[\/vc_column_text][vc_row_inner][vc_column_inner width=&#8221;2\/3&#8243;]\n<div class=\"wpcf7 no-js\" id=\"wpcf7-f960-o1\" lang=\"de-DE\" dir=\"ltr\" data-wpcf7-id=\"960\">\n<div class=\"screen-reader-response\"><p role=\"status\" aria-live=\"polite\" aria-atomic=\"true\"><\/p> <ul><\/ul><\/div>\n<form action=\"\/es\/wp-json\/wp\/v2\/pages\/957#wpcf7-f960-o1\" method=\"post\" class=\"wpcf7-form init wpcf7-acceptance-as-validation\" aria-label=\"Kontaktformular\" novalidate=\"novalidate\" data-status=\"init\">\n<fieldset class=\"hidden-fields-container\"><input type=\"hidden\" name=\"_wpcf7\" value=\"960\" \/><input type=\"hidden\" name=\"_wpcf7_version\" value=\"6.1.5\" \/><input type=\"hidden\" name=\"_wpcf7_locale\" value=\"de_DE_formal\" \/><input type=\"hidden\" name=\"_wpcf7_unit_tag\" value=\"wpcf7-f960-o1\" \/><input type=\"hidden\" name=\"_wpcf7_container_post\" value=\"0\" \/><input type=\"hidden\" name=\"_wpcf7_posted_data_hash\" value=\"\" \/><input type=\"hidden\" name=\"_wpcf7cf_hidden_group_fields\" value=\"[]\" \/><input type=\"hidden\" name=\"_wpcf7cf_hidden_groups\" value=\"[]\" \/><input type=\"hidden\" name=\"_wpcf7cf_visible_groups\" value=\"[]\" \/><input type=\"hidden\" name=\"_wpcf7cf_repeaters\" value=\"[]\" \/><input type=\"hidden\" name=\"_wpcf7cf_steps\" value=\"{}\" \/><input type=\"hidden\" name=\"_wpcf7cf_options\" value=\"{&quot;form_id&quot;:960,&quot;conditions&quot;:[{&quot;then_field&quot;:&quot;kursart2&quot;,&quot;and_rules&quot;:[{&quot;if_field&quot;:&quot;Kursart&quot;,&quot;operator&quot;:&quot;equals&quot;,&quot;if_value&quot;:&quot;Otros cursos&quot;},{&quot;if_field&quot;:&quot;kursart22&quot;,&quot;operator&quot;:&quot;not equals&quot;,&quot;if_value&quot;:&quot;Kursart&quot;}]},{&quot;then_field&quot;:&quot;kursartintensiv&quot;,&quot;and_rules&quot;:[{&quot;if_field&quot;:&quot;Kursart&quot;,&quot;operator&quot;:&quot;equals&quot;,&quot;if_value&quot;:&quot;Cursos intensivos&quot;}]},{&quot;then_field&quot;:&quot;kursartprivatfirmen&quot;,&quot;and_rules&quot;:[{&quot;if_field&quot;:&quot;Kursart&quot;,&quot;operator&quot;:&quot;equals&quot;,&quot;if_value&quot;:&quot;Cursos privados&quot;}]},{&quot;then_field&quot;:&quot;kursartprivatfirmen&quot;,&quot;and_rules&quot;:[{&quot;if_field&quot;:&quot;Kursart&quot;,&quot;operator&quot;:&quot;equals&quot;,&quot;if_value&quot;:&quot;Cursos de empresa&quot;}]}],&quot;settings&quot;:{&quot;animation&quot;:&quot;yes&quot;,&quot;animation_intime&quot;:200,&quot;animation_outtime&quot;:200,&quot;conditions_ui&quot;:&quot;normal&quot;,&quot;notice_dismissed&quot;:false}}\" \/><input type=\"hidden\" name=\"_wpcf7_recaptcha_response\" value=\"\" \/>\n<\/fieldset>\n<div class=\"clearfix_WAM\">\n\t<div id=\"left50\">\n\t\t<p>G\u00e9nero<br \/>\n<span class=\"wpcf7-form-control-wrap\" data-name=\"anrede\"><select class=\"wpcf7-form-control wpcf7-select\" aria-invalid=\"false\" name=\"anrede\"><option value=\"\">&#8211; Bitte ausw\u00e4hlen &#8211;<\/option><option value=\"Mujer\">Mujer<\/option><option value=\"Hombre\">Hombre<\/option><\/select><\/span>\n\t\t<\/p>\n\t<\/div>\n\t<div id=\"right50\">\n\t\t<p>Empresa: <span class=\"wpcf7-form-control-wrap\" data-name=\"Firma\"><input size=\"40\" maxlength=\"400\" class=\"wpcf7-form-control wpcf7-text\" aria-invalid=\"false\" value=\"\" type=\"text\" name=\"Firma\" \/><\/span>\n\t\t<\/p>\n\t<\/div>\n<\/div>\n<div class=\"clearfix_WAM\">\n\t<div id=\"left50\">\n\t\t<p>Nombre*: <span class=\"wpcf7-form-control-wrap\" data-name=\"Vorname\"><input size=\"40\" maxlength=\"400\" class=\"wpcf7-form-control wpcf7-text wpcf7-validates-as-required\" aria-required=\"true\" aria-invalid=\"false\" value=\"\" type=\"text\" name=\"Vorname\" \/><\/span>\n\t\t<\/p>\n\t<\/div>\n\t<div id=\"right50\">\n\t\t<p>Apellido*: <span class=\"wpcf7-form-control-wrap\" data-name=\"Nachname\"><input size=\"40\" maxlength=\"400\" class=\"wpcf7-form-control wpcf7-text wpcf7-validates-as-required\" aria-required=\"true\" aria-invalid=\"false\" value=\"\" type=\"text\" name=\"Nachname\" \/><\/span>\n\t\t<\/p>\n\t<\/div>\n<\/div>\n<div class=\"clearfix_WAM\">\n\t<div id=\"left\">\n\t\t<p>Direcci\u00f3n*: <span class=\"wpcf7-form-control-wrap\" data-name=\"Strasse\"><input size=\"40\" maxlength=\"400\" class=\"wpcf7-form-control wpcf7-text wpcf7-validates-as-required\" aria-required=\"true\" aria-invalid=\"false\" value=\"\" type=\"text\" name=\"Strasse\" \/><\/span>\n\t\t<\/p>\n\t<\/div>\n\t<div id=\"right\">\n\t\t<p>N\u00famero*: <span class=\"wpcf7-form-control-wrap\" data-name=\"Hausnummer\"><input size=\"40\" maxlength=\"400\" class=\"wpcf7-form-control wpcf7-text wpcf7-validates-as-required\" aria-required=\"true\" aria-invalid=\"false\" value=\"\" type=\"text\" name=\"Hausnummer\" \/><\/span>\n\t\t<\/p>\n\t<\/div>\n<\/div>\n<div class=\"clearfix_WAM\">\n\t<div id=\"left30\">\n\t\t<p>C\u00f3digo postal*: <span class=\"wpcf7-form-control-wrap\" data-name=\"PLZ\"><input size=\"40\" maxlength=\"400\" class=\"wpcf7-form-control wpcf7-text wpcf7-validates-as-required\" aria-required=\"true\" aria-invalid=\"false\" value=\"\" type=\"text\" name=\"PLZ\" \/><\/span>\n\t\t<\/p>\n\t<\/div>\n\t<div id=\"right70\">\n\t\t<p>Ciudad*: <span class=\"wpcf7-form-control-wrap\" data-name=\"Ort\"><input size=\"40\" maxlength=\"400\" class=\"wpcf7-form-control wpcf7-text wpcf7-validates-as-required\" aria-required=\"true\" aria-invalid=\"false\" value=\"\" type=\"text\" name=\"Ort\" \/><\/span>\n\t\t<\/p>\n\t<\/div>\n<\/div>\n<p>Pa\u00eds*: <span class=\"wpcf7-form-control-wrap\" data-name=\"Land\"><input size=\"40\" maxlength=\"400\" class=\"wpcf7-form-control wpcf7-text wpcf7-validates-as-required\" aria-required=\"true\" aria-invalid=\"false\" value=\"\" type=\"text\" name=\"Land\" \/><\/span>\n<\/p>\n<p>Tel\u00e9fono*: <span class=\"wpcf7-form-control-wrap\" data-name=\"Telefon\"><input size=\"40\" maxlength=\"400\" class=\"wpcf7-form-control wpcf7-tel wpcf7-validates-as-required wpcf7-text wpcf7-validates-as-tel\" aria-required=\"true\" aria-invalid=\"false\" value=\"\" type=\"tel\" name=\"Telefon\" \/><\/span>\n<\/p>\n<p>E-mail*: <span class=\"wpcf7-form-control-wrap\" data-name=\"Email\"><input size=\"40\" maxlength=\"400\" class=\"wpcf7-form-control wpcf7-email wpcf7-validates-as-required wpcf7-text wpcf7-validates-as-email medium\" aria-required=\"true\" aria-invalid=\"false\" value=\"\" type=\"email\" name=\"Email\" \/><\/span>\n<\/p>\n<p><B>Informaci\u00f3n del curso: <\/b>\n<\/p>\n<p>\u00bfQu\u00e9 idiomas deseas aprender?* : <span class=\"wpcf7-form-control-wrap\" data-name=\"Sprache\"><input size=\"40\" maxlength=\"400\" class=\"wpcf7-form-control wpcf7-text wpcf7-validates-as-required\" aria-required=\"true\" aria-invalid=\"false\" placeholder=\"Ej. alem\u00e1n, ingl\u00e9s, espa\u00f1ol...\" value=\"\" type=\"text\" name=\"Sprache\" \/><\/span>\n<\/p>\n<p>Tipo de curso*: <span class=\"wpcf7-form-control-wrap\" data-name=\"Kursart\"><select class=\"wpcf7-form-control wpcf7-select wpcf7-validates-as-required\" aria-required=\"true\" aria-invalid=\"false\" name=\"Kursart\"><option value=\"Cursos intensivos\">Cursos intensivos<\/option><option value=\"Cursos nocturnos\">Cursos nocturnos<\/option><option value=\"Cursos privados\">Cursos privados<\/option><option value=\"Cursos de empresa\">Cursos de empresa<\/option><option value=\"Otros cursos\">Otros cursos<\/option><\/select><\/span>\n<\/p>\n<div data-id=\"kursart2\" data-orig_data_id=\"kursart2\"  class=\"\" data-class=\"wpcf7cf_group\">\n\t<p>Introduzca aqu\u00ed el tipo de curso *:<br \/>\n<span class=\"wpcf7-form-control-wrap\" data-name=\"kursart22\"><input size=\"40\" maxlength=\"400\" class=\"wpcf7-form-control wpcf7-text wpcf7-validates-as-required\" aria-required=\"true\" aria-invalid=\"false\" value=\"\" type=\"text\" name=\"kursart22\" \/><\/span>\n\t<\/p>\n<\/div>\n<div data-id=\"kursartintensiv\" data-orig_data_id=\"kursartintensiv\"  class=\"\" data-class=\"wpcf7cf_group\">\n\t<p>Duraci\u00f3n del curso intensivo en semanas *:<br \/>\n<span class=\"wpcf7-form-control-wrap\" data-name=\"dauerintensiv\"><input class=\"wpcf7-form-control wpcf7-number wpcf7-validates-as-required wpcf7-validates-as-number\" min=\"1\" aria-required=\"true\" aria-invalid=\"false\" value=\"\" type=\"number\" name=\"dauerintensiv\" \/><\/span>\n\t<\/p>\n<\/div>\n<div data-id=\"kursartprivatfirmen\" data-orig_data_id=\"kursartprivatfirmen\"  class=\"\" data-class=\"wpcf7cf_group\">\n\t<p>N\u00famero de lecciones (45 minutos cada una) *:<br \/>\n<span class=\"wpcf7-form-control-wrap\" data-name=\"dauerprivatfirmen\"><input class=\"wpcf7-form-control wpcf7-number wpcf7-validates-as-required wpcf7-validates-as-number\" min=\"1\" aria-required=\"true\" aria-invalid=\"false\" value=\"\" type=\"number\" name=\"dauerprivatfirmen\" \/><\/span>\n\t<\/p>\n<\/div>\n<div class=\"clearfix_WAM\">\n\t<div id=\"left50\">\n\t\t<p>Nivel*: <span class=\"wpcf7-form-control-wrap\" data-name=\"niveau\"><select class=\"wpcf7-form-control wpcf7-select wpcf7-validates-as-required\" aria-required=\"true\" aria-invalid=\"false\" name=\"niveau\"><option value=\"A1 (Nivel b\u00e1sico \/ Principiante)\">A1 (Nivel b\u00e1sico \/ Principiante)<\/option><option value=\"A2 (B\u00e1sico \/ Elemental)\">A2 (B\u00e1sico \/ Elemental)<\/option><option value=\"B1 (Intermedio)\">B1 (Intermedio)<\/option><option value=\"B2 (Alto)\">B2 (Alto)<\/option><option value=\"C1 (Avanzado)\">C1 (Avanzado)<\/option><option value=\"C1-medicina\">C1-medicina<\/option><option value=\"C1-odontolog\u00eda\">C1-odontolog\u00eda<\/option><option value=\"C2 (Excelentes conocimientos\">C2 (Excelentes conocimientos<\/option><\/select><\/span>\n\t\t<\/p>\n\t<\/div>\n\t<div id=\"right50\">\n\t\t<p>Inicio del curso*: <span class=\"wpcf7-form-control-wrap\" data-name=\"Kursbeginn\"><input class=\"wpcf7-form-control wpcf7-date wpcf7-validates-as-required wpcf7-validates-as-date\" aria-required=\"true\" aria-invalid=\"false\" value=\"\" type=\"date\" name=\"Kursbeginn\" \/><\/span>\n\t\t<\/p>\n\t<\/div>\n<\/div>\n<p> Tipo*: <span class=\"wpcf7-form-control-wrap\" data-name=\"durchfuehrungsArt\"><select class=\"wpcf7-form-control wpcf7-select wpcf7-validates-as-required\" aria-required=\"true\" aria-invalid=\"false\" name=\"durchfuehrungsArt\"><option value=\"\"><\/option><option value=\"Lecciones presenciales\">Lecciones presenciales<\/option><option value=\"Curso online\">Curso online<\/option><\/select><\/span>\n<\/p>\n<p><B>Pago: <\/b>\n<\/p>\n<p>M\u00e9todos de pago: <span class=\"wpcf7-form-control-wrap\" data-name=\"Zahlung\"><select class=\"wpcf7-form-control wpcf7-select wpcf7-validates-as-required\" aria-required=\"true\" aria-invalid=\"false\" name=\"Zahlung\"><option value=\"A cuenta\">A cuenta<\/option><option value=\"Paypal: passau@sprachschule-aktiv.de\">Paypal: passau@sprachschule-aktiv.de<\/option><\/select><\/span>\n<\/p>\n<p><B>Comentarios, mensajes...<\/b>\n<\/p>\n<p><span class=\"wpcf7-form-control-wrap\" data-name=\"Bemerkungen\"><textarea cols=\"40\" rows=\"10\" maxlength=\"2000\" class=\"wpcf7-form-control wpcf7-textarea\" aria-invalid=\"false\" name=\"Bemerkungen\"><\/textarea><\/span>\n<\/p>\n<div style=\"\">\n\t<p><span class=\"wpcf7-form-control-wrap\" data-name=\"agb\"><span class=\"wpcf7-form-control wpcf7-acceptance\"><span class=\"wpcf7-list-item\"><input type=\"checkbox\" name=\"agb\" value=\"1\" aria-invalid=\"false\" \/><\/span><\/span><\/span> (*) He le\u00eddo y acepto los <a href=\"https:\/\/www.sprachschule-aktiv-passau.de\/es\/allgemeine-geschaeftsbedingungen-englisch\/\" target=\"_blank\">t\u00e9rminos legales<\/a> y la <a href=\"https:\/\/www.sprachschule-aktiv-passau.de\/es\/datenschutzerklaerung\/\" target=\"_blank\">pol\u00edtica privacidad de datos<\/a>.\n\t<\/p>\n<\/div>\n<p><input class=\"wpcf7-form-control wpcf7-submit has-spinner\" type=\"submit\" value=\"Enviar formulario gratuitamente\" \/>\n<\/p>\n<div style=\"clear: both; height: 40px;\">\n<\/div>\n<p style=\"font-size: 12px;\"><b>Condiciones de cancelaci\u00f3n:<\/b> sin coste alguno hasta 7 d\u00edas antes del inicio del curso, despu\u00e9s no es posible cancelar (excepto los cursos para visados de idiomas, que no se pueden cancelar). Las cancelaciones deben realizarse por escrito. M\u00e1s detalles en los T\u00e9rminos y condiciones generales.\n<\/p><p style=\"display: none !important;\" class=\"akismet-fields-container\" data-prefix=\"_wpcf7_ak_\"><label>&#916;<textarea name=\"_wpcf7_ak_hp_textarea\" cols=\"45\" rows=\"8\" maxlength=\"100\"><\/textarea><\/label><input type=\"hidden\" id=\"ak_js_1\" name=\"_wpcf7_ak_js\" value=\"76\"\/><script>document.getElementById( \"ak_js_1\" ).setAttribute( \"value\", ( new Date() ).getTime() );<\/script><\/p><div class=\"wpcf7-response-output\" aria-hidden=\"true\"><\/div>\n<\/form>\n<\/div>\n[\/vc_column_inner][vc_column_inner width=&#8221;1\/3&#8243; css=&#8221;.vc_custom_1486286691342{margin-top: 15px !important;}&#8221;][vc_column_text]<\/p>\n<h2>Sprachschule Aktiv Passau<\/h2>\n<p>Tel.: <span class=\"\">+49 (0) 851 966 924 13<\/span><\/p>\n<p>WhatsApp: <span class=\"\">+49 (0) 151 164 746 70<\/span><\/p>\n<p>Email: <a href=\"mailto:passau@sprachschule-aktiv.de\">passau@sprachschule-aktiv.de<\/a><\/p>\n<p><span class=\"VIiyi\" lang=\"es\"><span class=\"JLqJ4b ChMk0b\" data-language-for-alternatives=\"es\" data-language-to-translate-into=\"de\" data-phrase-index=\"0\">Direcci\u00f3n<\/span><\/span>:<\/p>\n<p>Steiningergasse 2<br \/>\nD &#8211; 94032 Passau[\/vc_column_text][\/vc_column_inner][\/vc_row_inner][\/vc_column][\/vc_row]<\/p>\n","protected":false},"excerpt":{"rendered":"<p>[vc_row css=&#8221;.vc_custom_1486284745672{margin-top: 25px !important;padding-bottom: 30px !important;}&#8221;][vc_column][vc_column_text] Inscr\u00edbete en nuestra escuela de idiomas en Passau Inscr\u00edbete en nuestra escuela de idiomas en Passau y aprenda alem\u00e1n de forma r\u00e1pida con profesores nativos y cualificados.[\/vc_column_text][vc_row_inner][vc_column_inner width=&#8221;2\/3&#8243;][\/vc_column_inner][vc_column_inner width=&#8221;1\/3&#8243; css=&#8221;.vc_custom_1486286691342{margin-top: 15px !important;}&#8221;][vc_column_text] Sprachschule Aktiv Passau Tel.: +49 (0) 851 966 924 13 WhatsApp: +49 (0) 151 164 746 70&hellip; <a class=\"read-more\" href=\"https:\/\/www.sprachschule-aktiv-passau.de\/es\/inscripcion\/\" title=\"Read Inscr\u00edbete ahora\">Read more &raquo;<\/a><\/p>\n","protected":false},"author":1,"featured_media":0,"parent":0,"menu_order":0,"comment_status":"closed","ping_status":"closed","template":"","meta":{"footnotes":""},"class_list":["post-957","page","type-page","status-publish","hentry"],"yoast_head":"<!-- This site is optimized with the Yoast SEO plugin v27.1.1 - https:\/\/yoast.com\/product\/yoast-seo-wordpress\/ -->\n<title>Inscr\u00edbete en nuestra escuela de idiomas en Passau - Alemania<\/title>\n<meta name=\"description\" content=\"Inscr\u00edbete en nuestra escuela de idiomas en Passau y aprenda alem\u00e1n de forma r\u00e1pida con profesores nativos y cualificados.\" \/>\n<meta name=\"robots\" content=\"index, follow, max-snippet:-1, max-image-preview:large, max-video-preview:-1\" \/>\n<link rel=\"canonical\" href=\"https:\/\/www.sprachschule-aktiv-passau.de\/es\/inscripcion\/\" \/>\n<meta property=\"og:locale\" content=\"es_ES\" \/>\n<meta property=\"og:type\" content=\"article\" \/>\n<meta property=\"og:title\" content=\"Inscr\u00edbete en nuestra escuela de idiomas en Passau - Alemania\" \/>\n<meta property=\"og:description\" content=\"Inscr\u00edbete en nuestra escuela de idiomas en Passau y aprenda alem\u00e1n de forma r\u00e1pida con profesores nativos y cualificados.\" \/>\n<meta property=\"og:url\" content=\"https:\/\/www.sprachschule-aktiv-passau.de\/es\/inscripcion\/\" \/>\n<meta property=\"og:site_name\" content=\"Sprachschule Aktiv Passau\" \/>\n<meta property=\"article:modified_time\" content=\"2022-03-17T14:06:47+00:00\" \/>\n<meta name=\"twitter:card\" content=\"summary_large_image\" \/>\n<meta name=\"twitter:label1\" content=\"Tiempo de lectura\" \/>\n\t<meta name=\"twitter:data1\" content=\"1 minuto\" \/>\n<script type=\"application\/ld+json\" class=\"yoast-schema-graph\">{\"@context\":\"https:\/\/schema.org\",\"@graph\":[{\"@type\":\"WebPage\",\"@id\":\"https:\/\/www.sprachschule-aktiv-passau.de\/es\/inscripcion\/\",\"url\":\"https:\/\/www.sprachschule-aktiv-passau.de\/es\/inscripcion\/\",\"name\":\"Inscr\u00edbete en nuestra escuela de idiomas en Passau - Alemania\",\"isPartOf\":{\"@id\":\"https:\/\/www.sprachschule-aktiv-passau.de\/en\/#website\"},\"datePublished\":\"2020-08-10T16:12:38+00:00\",\"dateModified\":\"2022-03-17T14:06:47+00:00\",\"description\":\"Inscr\u00edbete en nuestra escuela de idiomas en Passau y aprenda alem\u00e1n de forma r\u00e1pida con profesores nativos y cualificados.\",\"breadcrumb\":{\"@id\":\"https:\/\/www.sprachschule-aktiv-passau.de\/es\/inscripcion\/#breadcrumb\"},\"inLanguage\":\"es\",\"potentialAction\":[{\"@type\":\"ReadAction\",\"target\":[\"https:\/\/www.sprachschule-aktiv-passau.de\/es\/inscripcion\/\"]}]},{\"@type\":\"BreadcrumbList\",\"@id\":\"https:\/\/www.sprachschule-aktiv-passau.de\/es\/inscripcion\/#breadcrumb\",\"itemListElement\":[{\"@type\":\"ListItem\",\"position\":1,\"name\":\"Startseite\",\"item\":\"https:\/\/www.sprachschule-aktiv-passau.de\/es\/\"},{\"@type\":\"ListItem\",\"position\":2,\"name\":\"Inscr\u00edbete ahora\"}]},{\"@type\":\"WebSite\",\"@id\":\"https:\/\/www.sprachschule-aktiv-passau.de\/en\/#website\",\"url\":\"https:\/\/www.sprachschule-aktiv-passau.de\/en\/\",\"name\":\"Sprachschule Aktiv Passau\",\"description\":\"\",\"potentialAction\":[{\"@type\":\"SearchAction\",\"target\":{\"@type\":\"EntryPoint\",\"urlTemplate\":\"https:\/\/www.sprachschule-aktiv-passau.de\/en\/?s={search_term_string}\"},\"query-input\":{\"@type\":\"PropertyValueSpecification\",\"valueRequired\":true,\"valueName\":\"search_term_string\"}}],\"inLanguage\":\"es\"}]}<\/script>\n<!-- \/ Yoast SEO plugin. -->","yoast_head_json":{"title":"Inscr\u00edbete en nuestra escuela de idiomas en Passau - Alemania","description":"Inscr\u00edbete en nuestra escuela de idiomas en Passau y aprenda alem\u00e1n de forma r\u00e1pida con profesores nativos y cualificados.","robots":{"index":"index","follow":"follow","max-snippet":"max-snippet:-1","max-image-preview":"max-image-preview:large","max-video-preview":"max-video-preview:-1"},"canonical":"https:\/\/www.sprachschule-aktiv-passau.de\/es\/inscripcion\/","og_locale":"es_ES","og_type":"article","og_title":"Inscr\u00edbete en nuestra escuela de idiomas en Passau - Alemania","og_description":"Inscr\u00edbete en nuestra escuela de idiomas en Passau y aprenda alem\u00e1n de forma r\u00e1pida con profesores nativos y cualificados.","og_url":"https:\/\/www.sprachschule-aktiv-passau.de\/es\/inscripcion\/","og_site_name":"Sprachschule Aktiv Passau","article_modified_time":"2022-03-17T14:06:47+00:00","twitter_card":"summary_large_image","twitter_misc":{"Tiempo de lectura":"1 minuto"},"schema":{"@context":"https:\/\/schema.org","@graph":[{"@type":"WebPage","@id":"https:\/\/www.sprachschule-aktiv-passau.de\/es\/inscripcion\/","url":"https:\/\/www.sprachschule-aktiv-passau.de\/es\/inscripcion\/","name":"Inscr\u00edbete en nuestra escuela de idiomas en Passau - Alemania","isPartOf":{"@id":"https:\/\/www.sprachschule-aktiv-passau.de\/en\/#website"},"datePublished":"2020-08-10T16:12:38+00:00","dateModified":"2022-03-17T14:06:47+00:00","description":"Inscr\u00edbete en nuestra escuela de idiomas en Passau y aprenda alem\u00e1n de forma r\u00e1pida con profesores nativos y cualificados.","breadcrumb":{"@id":"https:\/\/www.sprachschule-aktiv-passau.de\/es\/inscripcion\/#breadcrumb"},"inLanguage":"es","potentialAction":[{"@type":"ReadAction","target":["https:\/\/www.sprachschule-aktiv-passau.de\/es\/inscripcion\/"]}]},{"@type":"BreadcrumbList","@id":"https:\/\/www.sprachschule-aktiv-passau.de\/es\/inscripcion\/#breadcrumb","itemListElement":[{"@type":"ListItem","position":1,"name":"Startseite","item":"https:\/\/www.sprachschule-aktiv-passau.de\/es\/"},{"@type":"ListItem","position":2,"name":"Inscr\u00edbete ahora"}]},{"@type":"WebSite","@id":"https:\/\/www.sprachschule-aktiv-passau.de\/en\/#website","url":"https:\/\/www.sprachschule-aktiv-passau.de\/en\/","name":"Sprachschule Aktiv Passau","description":"","potentialAction":[{"@type":"SearchAction","target":{"@type":"EntryPoint","urlTemplate":"https:\/\/www.sprachschule-aktiv-passau.de\/en\/?s={search_term_string}"},"query-input":{"@type":"PropertyValueSpecification","valueRequired":true,"valueName":"search_term_string"}}],"inLanguage":"es"}]}},"_links":{"self":[{"href":"https:\/\/www.sprachschule-aktiv-passau.de\/es\/wp-json\/wp\/v2\/pages\/957","targetHints":{"allow":["GET"]}}],"collection":[{"href":"https:\/\/www.sprachschule-aktiv-passau.de\/es\/wp-json\/wp\/v2\/pages"}],"about":[{"href":"https:\/\/www.sprachschule-aktiv-passau.de\/es\/wp-json\/wp\/v2\/types\/page"}],"author":[{"embeddable":true,"href":"https:\/\/www.sprachschule-aktiv-passau.de\/es\/wp-json\/wp\/v2\/users\/1"}],"replies":[{"embeddable":true,"href":"https:\/\/www.sprachschule-aktiv-passau.de\/es\/wp-json\/wp\/v2\/comments?post=957"}],"version-history":[{"count":4,"href":"https:\/\/www.sprachschule-aktiv-passau.de\/es\/wp-json\/wp\/v2\/pages\/957\/revisions"}],"predecessor-version":[{"id":1553,"href":"https:\/\/www.sprachschule-aktiv-passau.de\/es\/wp-json\/wp\/v2\/pages\/957\/revisions\/1553"}],"wp:attachment":[{"href":"https:\/\/www.sprachschule-aktiv-passau.de\/es\/wp-json\/wp\/v2\/media?parent=957"}],"curies":[{"name":"wp","href":"https:\/\/api.w.org\/{rel}","templated":true}]}}