{"id":2902,"date":"2020-08-10T18:12:38","date_gmt":"2020-08-10T16:12:38","guid":{"rendered":"https:\/\/www.sprachschule-aktiv-passau.de\/jetzt-buchen\/"},"modified":"2023-11-07T18:04:19","modified_gmt":"2023-11-07T17:04:19","slug":"jetzt-buchen","status":"publish","type":"page","link":"https:\/\/www.sprachschule-aktiv-passau.de\/cs\/jetzt-buchen\/","title":{"rendered":"Jetzt Buchen!"},"content":{"rendered":"<p>[vc_row css=&#8221;.vc_custom_1486284745672{margin-top: 25px !important;padding-bottom: 30px !important;}&#8221;][vc_column][vc_column_text]<\/p>\n<h1>P\u0159ihl\u00e1\u0161en\u00ed do jazykov\u00e9ho kurzu<\/h1>\n<p>P\u0159ihl\u00e1\u0161en\u00ed do jazykov\u00e9ho kurzu \u2013 Pro po\u017eadovan\u00fd jazykov\u00fd kurz pros\u00edm vypl\u0148t\u011b p\u0159ihla\u0161ovac\u00ed formul\u00e1\u0159 n\u00ed\u017ee.[\/vc_column_text][vc_row_inner][vc_column_inner width=&#8221;2\/3&#8243;]\n<div class=\"wpcf7 no-js\" id=\"wpcf7-f2923-o1\" lang=\"de-DE\" dir=\"ltr\" data-wpcf7-id=\"2923\">\n<div class=\"screen-reader-response\"><p role=\"status\" aria-live=\"polite\" aria-atomic=\"true\"><\/p> <ul><\/ul><\/div>\n<form action=\"\/cs\/wp-json\/wp\/v2\/pages\/2902#wpcf7-f2923-o1\" method=\"post\" class=\"wpcf7-form init wpcf7-acceptance-as-validation\" aria-label=\"Kontaktformular\" novalidate=\"novalidate\" data-status=\"init\">\n<fieldset class=\"hidden-fields-container\"><input type=\"hidden\" name=\"_wpcf7\" value=\"2923\" \/><input type=\"hidden\" name=\"_wpcf7_version\" value=\"6.1.5\" \/><input type=\"hidden\" name=\"_wpcf7_locale\" value=\"de_DE_formal\" \/><input type=\"hidden\" name=\"_wpcf7_unit_tag\" value=\"wpcf7-f2923-o1\" \/><input type=\"hidden\" name=\"_wpcf7_container_post\" value=\"0\" \/><input type=\"hidden\" name=\"_wpcf7_posted_data_hash\" value=\"\" \/><input type=\"hidden\" name=\"_wpcf7cf_hidden_group_fields\" value=\"[]\" \/><input type=\"hidden\" name=\"_wpcf7cf_hidden_groups\" value=\"[]\" \/><input type=\"hidden\" name=\"_wpcf7cf_visible_groups\" value=\"[]\" \/><input type=\"hidden\" name=\"_wpcf7cf_repeaters\" value=\"[]\" \/><input type=\"hidden\" name=\"_wpcf7cf_steps\" value=\"{}\" \/><input type=\"hidden\" name=\"_wpcf7cf_options\" value=\"{&quot;form_id&quot;:2923,&quot;conditions&quot;:[{&quot;then_field&quot;:&quot;kursart2&quot;,&quot;and_rules&quot;:[{&quot;if_field&quot;:&quot;Kursart&quot;,&quot;operator&quot;:&quot;equals&quot;,&quot;if_value&quot;:&quot;Jin\\u00fd typ kurzu&quot;},{&quot;if_field&quot;:&quot;kursart22&quot;,&quot;operator&quot;:&quot;not equals&quot;,&quot;if_value&quot;:&quot;Kursart&quot;}]},{&quot;then_field&quot;:&quot;kursartintensiv&quot;,&quot;and_rules&quot;:[{&quot;if_field&quot;:&quot;Kursart&quot;,&quot;operator&quot;:&quot;equals&quot;,&quot;if_value&quot;:&quot;Intenzivn\\u00ed&quot;}]},{&quot;then_field&quot;:&quot;kursartprivatfirmen&quot;,&quot;and_rules&quot;:[{&quot;if_field&quot;:&quot;Kursart&quot;,&quot;operator&quot;:&quot;equals&quot;,&quot;if_value&quot;:&quot;Soukrom\\u00fd&quot;}]},{&quot;then_field&quot;:&quot;kursartprivatfirmen&quot;,&quot;and_rules&quot;:[{&quot;if_field&quot;:&quot;Kursart&quot;,&quot;operator&quot;:&quot;equals&quot;,&quot;if_value&quot;:&quot;Firemn\\u00ed&quot;}]}],&quot;settings&quot;:{&quot;animation&quot;:&quot;yes&quot;,&quot;animation_intime&quot;:200,&quot;animation_outtime&quot;:200,&quot;conditions_ui&quot;:&quot;normal&quot;,&quot;notice_dismissed&quot;:false}}\" \/><input type=\"hidden\" name=\"_wpcf7_recaptcha_response\" value=\"\" \/>\n<\/fieldset>\n<div class=\"clearfix_WAM\">\n\t<div id=\"left50\">\n\t\t<p>Osloven\u00ed<br \/>\n<span class=\"wpcf7-form-control-wrap\" data-name=\"anrede\"><select class=\"wpcf7-form-control wpcf7-select\" aria-invalid=\"false\" name=\"anrede\"><option value=\"\">&#8211; Bitte ausw\u00e4hlen &#8211;<\/option><option value=\"Pan\u00ed\">Pan\u00ed<\/option><option value=\"Pan\">Pan<\/option><option value=\"Divers\">Divers<\/option><\/select><\/span>\n\t\t<\/p>\n\t<\/div>\n\t<div id=\"right50\">\n\t\t<p>Firma: <span class=\"wpcf7-form-control-wrap\" data-name=\"Firma\"><input size=\"40\" maxlength=\"400\" class=\"wpcf7-form-control wpcf7-text\" aria-invalid=\"false\" value=\"\" type=\"text\" name=\"Firma\" \/><\/span>\n\t\t<\/p>\n\t<\/div>\n<\/div>\n<div class=\"clearfix_WAM\">\n\t<div id=\"left50\">\n\t\t<p>Jm\u00e9no*: <span class=\"wpcf7-form-control-wrap\" data-name=\"Vorname\"><input size=\"40\" maxlength=\"400\" class=\"wpcf7-form-control wpcf7-text wpcf7-validates-as-required\" aria-required=\"true\" aria-invalid=\"false\" value=\"\" type=\"text\" name=\"Vorname\" \/><\/span>\n\t\t<\/p>\n\t<\/div>\n\t<div id=\"right50\">\n\t\t<p>P\u0159\u00edjmen\u00ed*: <span class=\"wpcf7-form-control-wrap\" data-name=\"Nachname\"><input size=\"40\" maxlength=\"400\" class=\"wpcf7-form-control wpcf7-text wpcf7-validates-as-required\" aria-required=\"true\" aria-invalid=\"false\" value=\"\" type=\"text\" name=\"Nachname\" \/><\/span>\n\t\t<\/p>\n\t<\/div>\n<\/div>\n<div class=\"clearfix_WAM\">\n\t<div id=\"left\">\n\t\t<p>Ulice*: <span class=\"wpcf7-form-control-wrap\" data-name=\"Strasse\"><input size=\"40\" maxlength=\"400\" class=\"wpcf7-form-control wpcf7-text wpcf7-validates-as-required\" aria-required=\"true\" aria-invalid=\"false\" value=\"\" type=\"text\" name=\"Strasse\" \/><\/span>\n\t\t<\/p>\n\t<\/div>\n\t<div id=\"right\">\n\t\t<p>\u010c\u00edslo popisn\u00e9*: <span class=\"wpcf7-form-control-wrap\" data-name=\"Hausnummer\"><input size=\"40\" maxlength=\"400\" class=\"wpcf7-form-control wpcf7-text wpcf7-validates-as-required\" aria-required=\"true\" aria-invalid=\"false\" value=\"\" type=\"text\" name=\"Hausnummer\" \/><\/span>\n\t\t<\/p>\n\t<\/div>\n<\/div>\n<div class=\"clearfix_WAM\">\n\t<div id=\"left30\">\n\t\t<p>PS\u010c*: <span class=\"wpcf7-form-control-wrap\" data-name=\"PLZ\"><input size=\"40\" maxlength=\"400\" class=\"wpcf7-form-control wpcf7-text wpcf7-validates-as-required\" aria-required=\"true\" aria-invalid=\"false\" value=\"\" type=\"text\" name=\"PLZ\" \/><\/span>\n\t\t<\/p>\n\t<\/div>\n\t<div id=\"right70\">\n\t\t<p>M\u011bsto*: <span class=\"wpcf7-form-control-wrap\" data-name=\"Ort\"><input size=\"40\" maxlength=\"400\" class=\"wpcf7-form-control wpcf7-text wpcf7-validates-as-required\" aria-required=\"true\" aria-invalid=\"false\" value=\"\" type=\"text\" name=\"Ort\" \/><\/span>\n\t\t<\/p>\n\t<\/div>\n<\/div>\n<p>St\u00e1t*: <span class=\"wpcf7-form-control-wrap\" data-name=\"Land\"><input size=\"40\" maxlength=\"400\" class=\"wpcf7-form-control wpcf7-text wpcf7-validates-as-required\" aria-required=\"true\" aria-invalid=\"false\" value=\"\" type=\"text\" name=\"Land\" \/><\/span>\n<\/p>\n<p>Mobil*: <span class=\"wpcf7-form-control-wrap\" data-name=\"Telefon\"><input size=\"40\" maxlength=\"400\" class=\"wpcf7-form-control wpcf7-tel wpcf7-validates-as-required wpcf7-text wpcf7-validates-as-tel\" aria-required=\"true\" aria-invalid=\"false\" value=\"\" type=\"tel\" name=\"Telefon\" \/><\/span>\n<\/p>\n<p>E-Mail*: <span class=\"wpcf7-form-control-wrap\" data-name=\"Email\"><input size=\"40\" maxlength=\"400\" class=\"wpcf7-form-control wpcf7-email wpcf7-validates-as-required wpcf7-text wpcf7-validates-as-email medium\" aria-required=\"true\" aria-invalid=\"false\" value=\"\" type=\"email\" name=\"Email\" \/><\/span>\n<\/p>\n<p><B>Informace o kurzu: <\/b>\n<\/p>\n<p>Jak\u00fd jazyk se chcete u\u010dit?* : <span class=\"wpcf7-form-control-wrap\" data-name=\"Sprache\"><input size=\"40\" maxlength=\"400\" class=\"wpcf7-form-control wpcf7-text wpcf7-validates-as-required\" aria-required=\"true\" aria-invalid=\"false\" placeholder=\"N\u011bm\u010dina, Angli\u010dtina, \u0160pan\u011bl\u0161tina...\" value=\"\" type=\"text\" name=\"Sprache\" \/><\/span>\n<\/p>\n<p>Typ kurzu*: <span class=\"wpcf7-form-control-wrap\" data-name=\"Kursart\"><select class=\"wpcf7-form-control wpcf7-select wpcf7-validates-as-required\" aria-required=\"true\" aria-invalid=\"false\" name=\"Kursart\"><option value=\"Intenzivn\u00ed\">Intenzivn\u00ed<\/option><option value=\"Ve\u010dern\u00ed\">Ve\u010dern\u00ed<\/option><option value=\"Soukrom\u00fd\">Soukrom\u00fd<\/option><option value=\"Firemn\u00ed\">Firemn\u00ed<\/option><option value=\"Jin\u00fd typ kurzu\">Jin\u00fd typ kurzu<\/option><\/select><\/span>\n<\/p>\n<div data-id=\"kursart2\" data-orig_data_id=\"kursart2\"  class=\"\" data-class=\"wpcf7cf_group\">\n\t<p>Pros\u00edm popi\u0161te po\u017eadovan\u00fd typ kurzu *:<br \/>\n<span class=\"wpcf7-form-control-wrap\" data-name=\"kursart22\"><input size=\"40\" maxlength=\"400\" class=\"wpcf7-form-control wpcf7-text wpcf7-validates-as-required\" aria-required=\"true\" aria-invalid=\"false\" value=\"\" type=\"text\" name=\"kursart22\" \/><\/span>\n\t<\/p>\n<\/div>\n<div data-id=\"kursartintensiv\" data-orig_data_id=\"kursartintensiv\"  class=\"\" data-class=\"wpcf7cf_group\">\n\t<p>D\u00e9lka intenzivn\u00edho kurzu v t\u00fddnech *:<br \/>\n<span class=\"wpcf7-form-control-wrap\" data-name=\"dauerintensiv\"><input class=\"wpcf7-form-control wpcf7-number wpcf7-validates-as-required wpcf7-validates-as-number\" min=\"1\" aria-required=\"true\" aria-invalid=\"false\" value=\"\" type=\"number\" name=\"dauerintensiv\" \/><\/span>\n\t<\/p>\n<\/div>\n<div data-id=\"kursartprivatfirmen\" data-orig_data_id=\"kursartprivatfirmen\"  class=\"\" data-class=\"wpcf7cf_group\">\n\t<p>Po\u010det lekc\u00ed (1 lekce = 45 minut) *:<br \/>\n<span class=\"wpcf7-form-control-wrap\" data-name=\"dauerprivatfirmen\"><input class=\"wpcf7-form-control wpcf7-number wpcf7-validates-as-required wpcf7-validates-as-number\" min=\"1\" aria-required=\"true\" aria-invalid=\"false\" value=\"\" type=\"number\" name=\"dauerprivatfirmen\" \/><\/span>\n\t<\/p>\n<\/div>\n<div class=\"clearfix_WAM\">\n\t<div id=\"left50\">\n\t\t<p>\u00darove\u0148*: <span class=\"wpcf7-form-control-wrap\" data-name=\"niveau\"><select class=\"wpcf7-form-control wpcf7-select wpcf7-validates-as-required\" aria-required=\"true\" aria-invalid=\"false\" name=\"niveau\"><option value=\"A1 (\u00dapln\u00fd za\u010d\u00e1te\u010dn\u00edk)\">A1 (\u00dapln\u00fd za\u010d\u00e1te\u010dn\u00edk)<\/option><option value=\"A2 (Za\u010d\u00e1te\u010dn\u00edk)\">A2 (Za\u010d\u00e1te\u010dn\u00edk)<\/option><option value=\"B1 (M\u00edrn\u011b pokro\u010dil\u00fd)\">B1 (M\u00edrn\u011b pokro\u010dil\u00fd)<\/option><option value=\"B2 (St\u0159edn\u011b pokro\u010dil\u00fd)\">B2 (St\u0159edn\u011b pokro\u010dil\u00fd)<\/option><option value=\"C1 (Pokro\u010dil\u00fd)\">C1 (Pokro\u010dil\u00fd)<\/option><option value=\"C1-l\u00e9ka\u0159stv\u00ed\">C1-l\u00e9ka\u0159stv\u00ed<\/option><option value=\"C1-zubn\u00ed l\u00e9ka\u0159stv\u00ed\">C1-zubn\u00ed l\u00e9ka\u0159stv\u00ed<\/option><option value=\"C2 (Expert)\">C2 (Expert)<\/option><\/select><\/span>\n\t\t<\/p>\n\t<\/div>\n\t<div id=\"right50\">\n\t\t<p>Za\u010d\u00e1tek kurzu*: <span class=\"wpcf7-form-control-wrap\" data-name=\"Kursbeginn\"><input class=\"wpcf7-form-control wpcf7-date wpcf7-validates-as-required wpcf7-validates-as-date\" aria-required=\"true\" aria-invalid=\"false\" value=\"\" type=\"date\" name=\"Kursbeginn\" \/><\/span>\n\t\t<\/p>\n\t<\/div>\n<\/div>\n<p> Zp\u016fsob v\u00fduky*: <span class=\"wpcf7-form-control-wrap\" data-name=\"durchfuehrungsArt\"><select class=\"wpcf7-form-control wpcf7-select wpcf7-validates-as-required\" aria-required=\"true\" aria-invalid=\"false\" name=\"durchfuehrungsArt\"><option value=\"\"><\/option><option value=\"prezen\u010d\u00ed\">prezen\u010d\u00ed<\/option><option value=\"online kurz\">online kurz<\/option><\/select><\/span>\n<\/p>\n<p><B>Platba: <\/b>\n<\/p>\n<p>Zp\u016fsob platby: <span class=\"wpcf7-form-control-wrap\" data-name=\"Zahlung\"><select class=\"wpcf7-form-control wpcf7-select wpcf7-validates-as-required\" aria-required=\"true\" aria-invalid=\"false\" name=\"Zahlung\"><option value=\"na \u00fa\u010det\">na \u00fa\u010det<\/option><option value=\"Paypal: passau@sprachschule-aktiv.de\">Paypal: passau@sprachschule-aktiv.de<\/option><\/select><\/span>\n<\/p>\n<p><B>P\u0159ipom\u00ednky a upozorn\u011bn\u00ed:<\/b>\n<\/p>\n<p><span class=\"wpcf7-form-control-wrap\" data-name=\"Bemerkungen\"><textarea cols=\"40\" rows=\"10\" maxlength=\"2000\" class=\"wpcf7-form-control wpcf7-textarea\" aria-invalid=\"false\" name=\"Bemerkungen\"><\/textarea><\/span>\n<\/p>\n<div style=\"\">\n\t<p><span class=\"wpcf7-form-control-wrap\" data-name=\"agb\"><span class=\"wpcf7-form-control wpcf7-acceptance\"><span class=\"wpcf7-list-item\"><input type=\"checkbox\" name=\"agb\" value=\"1\" aria-invalid=\"false\" \/><\/span><\/span><\/span> (*) Souhlas\u00edm s <a href=\"https:\/\/www.sprachschule-aktiv-passau.de\/cs\/allgemeine-geschaeftsbedingungen\/\" target=\"_blank\">v\u0161eobecn\u00fdmi obchodn\u00edmi podm\u00ednkami<\/a> a <a href=\"https:\/\/www.sprachschule-aktiv-passau.de\/cs\/datenschutzerklaerung\/\" target=\"_blank\">ochranou osobn\u00edch \u00fadaj\u016f<\/a>.\n\t<\/p>\n<\/div>\n<p><input class=\"wpcf7-form-control wpcf7-submit has-spinner\" type=\"submit\" value=\"Po\u0161lete formul\u00e1\u0159 zdarma\" \/>\n<\/p>\n<div style=\"clear: both; height: 40px;\">\n<\/div>\n<p style=\"font-size: 12px;\"><b>Storno podm\u00ednky:<\/b> do 7 dn\u016f p\u0159ed za\u010d\u00e1tkem kurzu zdarma, pot\u00e9 nen\u00ed mo\u017en\u00e9 zru\u0161en\u00ed (s v\u00fdjimkou kurz\u016f pro jazykov\u00e9 v\u00edzum, kter\u00e9 nelze zru\u0161it). Zru\u0161en\u00ed mus\u00ed b\u00fdt provedeno p\u00edsemn\u011b. Podrobnosti najdete v obchodn\u00edch podm\u00ednk\u00e1ch.\n<\/p><p style=\"display: none !important;\" class=\"akismet-fields-container\" data-prefix=\"_wpcf7_ak_\"><label>&#916;<textarea name=\"_wpcf7_ak_hp_textarea\" cols=\"45\" rows=\"8\" maxlength=\"100\"><\/textarea><\/label><input type=\"hidden\" id=\"ak_js_1\" name=\"_wpcf7_ak_js\" value=\"75\"\/><script>document.getElementById( \"ak_js_1\" ).setAttribute( \"value\", ( new Date() ).getTime() );<\/script><\/p><div class=\"wpcf7-response-output\" aria-hidden=\"true\"><\/div>\n<\/form>\n<\/div>\n[\/vc_column_inner][vc_column_inner width=&#8221;1\/3&#8243; css=&#8221;.vc_custom_1486286691342{margin-top: 15px !important;}&#8221;][vc_column_text]<\/p>\n<h2>Sprachschule Aktiv Passau<\/h2>\n<p>Steiningergasse 2<br \/>\nD-94032 Passau<\/p>\n<p>Tel.: <span class=\"\">+49 (0) 851 966 924 13<\/span><br \/>\nE-Mail: <a href=\"mailto:passau@sprachschule-aktiv.de\">passau@sprachschule-aktiv.de<\/a>[\/vc_column_text][\/vc_column_inner][\/vc_row_inner][\/vc_column][\/vc_row]<\/p>\n","protected":false},"excerpt":{"rendered":"<p>[vc_row css=&#8221;.vc_custom_1486284745672{margin-top: 25px !important;padding-bottom: 30px !important;}&#8221;][vc_column][vc_column_text] P\u0159ihl\u00e1\u0161en\u00ed do jazykov\u00e9ho kurzu P\u0159ihl\u00e1\u0161en\u00ed do jazykov\u00e9ho kurzu \u2013 Pro po\u017eadovan\u00fd jazykov\u00fd kurz pros\u00edm vypl\u0148t\u011b p\u0159ihla\u0161ovac\u00ed formul\u00e1\u0159 n\u00ed\u017ee.[\/vc_column_text][vc_row_inner][vc_column_inner width=&#8221;2\/3&#8243;][\/vc_column_inner][vc_column_inner width=&#8221;1\/3&#8243; css=&#8221;.vc_custom_1486286691342{margin-top: 15px !important;}&#8221;][vc_column_text] Sprachschule Aktiv Passau Steiningergasse 2 D-94032 Passau Tel.: +49 (0) 851 966 924 13 E-Mail: passau@sprachschule-aktiv.de[\/vc_column_text][\/vc_column_inner][\/vc_row_inner][\/vc_column][\/vc_row]<\/p>\n","protected":false},"author":1,"featured_media":0,"parent":0,"menu_order":0,"comment_status":"closed","ping_status":"closed","template":"","meta":{"footnotes":""},"class_list":["post-2902","page","type-page","status-publish","hentry"],"yoast_head":"<!-- This site is optimized with the Yoast SEO plugin v27.1.1 - https:\/\/yoast.com\/product\/yoast-seo-wordpress\/ -->\n<title>P\u0159ihla\u0161ov\u00e1n\u00ed do jazykov\u00fdch kurz\u016f - P\u0159ihla\u0161ovac\u00ed formul\u00e1\u0159 jazykov\u00e9 \u0161koly aktivn\u00ed<\/title>\n<meta name=\"description\" content=\"In dieser Seite k\u00f6nnen Sie sich gerne f\u00fcr einen Sprachkurs anmelden. Anmeldeformular f\u00fcr Sprachkurse der Sprachschule Aktiv Passau.\" \/>\n<meta name=\"robots\" content=\"index, follow, max-snippet:-1, max-image-preview:large, max-video-preview:-1\" \/>\n<link rel=\"canonical\" href=\"https:\/\/www.sprachschule-aktiv-passau.de\/cs\/jetzt-buchen\/\" \/>\n<meta property=\"og:locale\" content=\"cs_CZ\" \/>\n<meta property=\"og:type\" content=\"article\" \/>\n<meta property=\"og:title\" content=\"P\u0159ihla\u0161ov\u00e1n\u00ed do jazykov\u00fdch kurz\u016f - P\u0159ihla\u0161ovac\u00ed formul\u00e1\u0159 jazykov\u00e9 \u0161koly aktivn\u00ed\" \/>\n<meta property=\"og:description\" content=\"In dieser Seite k\u00f6nnen Sie sich gerne f\u00fcr einen Sprachkurs anmelden. Anmeldeformular f\u00fcr Sprachkurse der Sprachschule Aktiv Passau.\" \/>\n<meta property=\"og:url\" content=\"https:\/\/www.sprachschule-aktiv-passau.de\/cs\/jetzt-buchen\/\" \/>\n<meta property=\"og:site_name\" content=\"Sprachschule Aktiv Passau\" \/>\n<meta property=\"article:modified_time\" content=\"2023-11-07T17:04:19+00:00\" \/>\n<meta name=\"twitter:card\" content=\"summary_large_image\" \/>\n<meta name=\"twitter:label1\" content=\"Odhadovan\u00e1 doba \u010dten\u00ed\" \/>\n\t<meta name=\"twitter:data1\" content=\"1 minuta\" \/>\n<script type=\"application\/ld+json\" class=\"yoast-schema-graph\">{\"@context\":\"https:\/\/schema.org\",\"@graph\":[{\"@type\":\"WebPage\",\"@id\":\"https:\/\/www.sprachschule-aktiv-passau.de\/cs\/jetzt-buchen\/\",\"url\":\"https:\/\/www.sprachschule-aktiv-passau.de\/cs\/jetzt-buchen\/\",\"name\":\"P\u0159ihla\u0161ov\u00e1n\u00ed do jazykov\u00fdch kurz\u016f - P\u0159ihla\u0161ovac\u00ed formul\u00e1\u0159 jazykov\u00e9 \u0161koly aktivn\u00ed\",\"isPartOf\":{\"@id\":\"https:\/\/www.sprachschule-aktiv-passau.de\/en\/#website\"},\"datePublished\":\"2020-08-10T16:12:38+00:00\",\"dateModified\":\"2023-11-07T17:04:19+00:00\",\"description\":\"In dieser Seite k\u00f6nnen Sie sich gerne f\u00fcr einen Sprachkurs anmelden. Anmeldeformular f\u00fcr Sprachkurse der Sprachschule Aktiv Passau.\",\"breadcrumb\":{\"@id\":\"https:\/\/www.sprachschule-aktiv-passau.de\/cs\/jetzt-buchen\/#breadcrumb\"},\"inLanguage\":\"cs\",\"potentialAction\":[{\"@type\":\"ReadAction\",\"target\":[\"https:\/\/www.sprachschule-aktiv-passau.de\/cs\/jetzt-buchen\/\"]}]},{\"@type\":\"BreadcrumbList\",\"@id\":\"https:\/\/www.sprachschule-aktiv-passau.de\/cs\/jetzt-buchen\/#breadcrumb\",\"itemListElement\":[{\"@type\":\"ListItem\",\"position\":1,\"name\":\"Startseite\",\"item\":\"https:\/\/www.sprachschule-aktiv-passau.de\/cs\/\"},{\"@type\":\"ListItem\",\"position\":2,\"name\":\"Jetzt Buchen!\"}]},{\"@type\":\"WebSite\",\"@id\":\"https:\/\/www.sprachschule-aktiv-passau.de\/en\/#website\",\"url\":\"https:\/\/www.sprachschule-aktiv-passau.de\/en\/\",\"name\":\"Sprachschule Aktiv Passau\",\"description\":\"\",\"potentialAction\":[{\"@type\":\"SearchAction\",\"target\":{\"@type\":\"EntryPoint\",\"urlTemplate\":\"https:\/\/www.sprachschule-aktiv-passau.de\/en\/?s={search_term_string}\"},\"query-input\":{\"@type\":\"PropertyValueSpecification\",\"valueRequired\":true,\"valueName\":\"search_term_string\"}}],\"inLanguage\":\"cs\"}]}<\/script>\n<!-- \/ Yoast SEO plugin. -->","yoast_head_json":{"title":"P\u0159ihla\u0161ov\u00e1n\u00ed do jazykov\u00fdch kurz\u016f - P\u0159ihla\u0161ovac\u00ed formul\u00e1\u0159 jazykov\u00e9 \u0161koly aktivn\u00ed","description":"In dieser Seite k\u00f6nnen Sie sich gerne f\u00fcr einen Sprachkurs anmelden. Anmeldeformular f\u00fcr Sprachkurse der Sprachschule Aktiv Passau.","robots":{"index":"index","follow":"follow","max-snippet":"max-snippet:-1","max-image-preview":"max-image-preview:large","max-video-preview":"max-video-preview:-1"},"canonical":"https:\/\/www.sprachschule-aktiv-passau.de\/cs\/jetzt-buchen\/","og_locale":"cs_CZ","og_type":"article","og_title":"P\u0159ihla\u0161ov\u00e1n\u00ed do jazykov\u00fdch kurz\u016f - P\u0159ihla\u0161ovac\u00ed formul\u00e1\u0159 jazykov\u00e9 \u0161koly aktivn\u00ed","og_description":"In dieser Seite k\u00f6nnen Sie sich gerne f\u00fcr einen Sprachkurs anmelden. Anmeldeformular f\u00fcr Sprachkurse der Sprachschule Aktiv Passau.","og_url":"https:\/\/www.sprachschule-aktiv-passau.de\/cs\/jetzt-buchen\/","og_site_name":"Sprachschule Aktiv Passau","article_modified_time":"2023-11-07T17:04:19+00:00","twitter_card":"summary_large_image","twitter_misc":{"Odhadovan\u00e1 doba \u010dten\u00ed":"1 minuta"},"schema":{"@context":"https:\/\/schema.org","@graph":[{"@type":"WebPage","@id":"https:\/\/www.sprachschule-aktiv-passau.de\/cs\/jetzt-buchen\/","url":"https:\/\/www.sprachschule-aktiv-passau.de\/cs\/jetzt-buchen\/","name":"P\u0159ihla\u0161ov\u00e1n\u00ed do jazykov\u00fdch kurz\u016f - P\u0159ihla\u0161ovac\u00ed formul\u00e1\u0159 jazykov\u00e9 \u0161koly aktivn\u00ed","isPartOf":{"@id":"https:\/\/www.sprachschule-aktiv-passau.de\/en\/#website"},"datePublished":"2020-08-10T16:12:38+00:00","dateModified":"2023-11-07T17:04:19+00:00","description":"In dieser Seite k\u00f6nnen Sie sich gerne f\u00fcr einen Sprachkurs anmelden. Anmeldeformular f\u00fcr Sprachkurse der Sprachschule Aktiv Passau.","breadcrumb":{"@id":"https:\/\/www.sprachschule-aktiv-passau.de\/cs\/jetzt-buchen\/#breadcrumb"},"inLanguage":"cs","potentialAction":[{"@type":"ReadAction","target":["https:\/\/www.sprachschule-aktiv-passau.de\/cs\/jetzt-buchen\/"]}]},{"@type":"BreadcrumbList","@id":"https:\/\/www.sprachschule-aktiv-passau.de\/cs\/jetzt-buchen\/#breadcrumb","itemListElement":[{"@type":"ListItem","position":1,"name":"Startseite","item":"https:\/\/www.sprachschule-aktiv-passau.de\/cs\/"},{"@type":"ListItem","position":2,"name":"Jetzt Buchen!"}]},{"@type":"WebSite","@id":"https:\/\/www.sprachschule-aktiv-passau.de\/en\/#website","url":"https:\/\/www.sprachschule-aktiv-passau.de\/en\/","name":"Sprachschule Aktiv Passau","description":"","potentialAction":[{"@type":"SearchAction","target":{"@type":"EntryPoint","urlTemplate":"https:\/\/www.sprachschule-aktiv-passau.de\/en\/?s={search_term_string}"},"query-input":{"@type":"PropertyValueSpecification","valueRequired":true,"valueName":"search_term_string"}}],"inLanguage":"cs"}]}},"_links":{"self":[{"href":"https:\/\/www.sprachschule-aktiv-passau.de\/cs\/wp-json\/wp\/v2\/pages\/2902","targetHints":{"allow":["GET"]}}],"collection":[{"href":"https:\/\/www.sprachschule-aktiv-passau.de\/cs\/wp-json\/wp\/v2\/pages"}],"about":[{"href":"https:\/\/www.sprachschule-aktiv-passau.de\/cs\/wp-json\/wp\/v2\/types\/page"}],"author":[{"embeddable":true,"href":"https:\/\/www.sprachschule-aktiv-passau.de\/cs\/wp-json\/wp\/v2\/users\/1"}],"replies":[{"embeddable":true,"href":"https:\/\/www.sprachschule-aktiv-passau.de\/cs\/wp-json\/wp\/v2\/comments?post=2902"}],"version-history":[{"count":2,"href":"https:\/\/www.sprachschule-aktiv-passau.de\/cs\/wp-json\/wp\/v2\/pages\/2902\/revisions"}],"predecessor-version":[{"id":2925,"href":"https:\/\/www.sprachschule-aktiv-passau.de\/cs\/wp-json\/wp\/v2\/pages\/2902\/revisions\/2925"}],"wp:attachment":[{"href":"https:\/\/www.sprachschule-aktiv-passau.de\/cs\/wp-json\/wp\/v2\/media?parent=2902"}],"curies":[{"name":"wp","href":"https:\/\/api.w.org\/{rel}","templated":true}]}}