{"id":2839,"date":"2020-08-10T17:56:41","date_gmt":"2020-08-10T15:56:41","guid":{"rendered":"https:\/\/www.sprachschule-aktiv-passau.de\/kontakt\/"},"modified":"2026-03-27T08:25:44","modified_gmt":"2026-03-27T07:25:44","slug":"kontakt","status":"publish","type":"page","link":"https:\/\/www.sprachschule-aktiv-passau.de\/cs\/kontakt\/","title":{"rendered":"Kontakt"},"content":{"rendered":"<p>[vc_row css=&#8221;.vc_custom_1486284745672{margin-top: 25px !important;padding-bottom: 30px !important;}&#8221;][vc_column][vc_column_text]<\/p>\n<h1>Kontaktformular &#8211; Sprachschule Aktiv Passau<\/h1>\n<p>Lage, \u00d6ffnungszeiten, Standorte und Kontakt der Sprachschule Aktiv Passau. Bitte nehmen Sie mit uns Kontakt \u00fcber unser Kontaktformular auf:[\/vc_column_text][vc_separator css=&#8221;.vc_custom_1486292233861{padding-top: 30px !important;padding-bottom: 30px !important;}&#8221;][vc_row_inner][vc_column_inner width=&#8221;2\/3&#8243;]\n<div class=\"wpcf7 no-js\" id=\"wpcf7-f11-o1\" lang=\"de-DE\" dir=\"ltr\" data-wpcf7-id=\"11\">\n<div class=\"screen-reader-response\"><p role=\"status\" aria-live=\"polite\" aria-atomic=\"true\"><\/p> <ul><\/ul><\/div>\n<form action=\"\/cs\/wp-json\/wp\/v2\/pages\/2839#wpcf7-f11-o1\" method=\"post\" class=\"wpcf7-form init wpcf7-acceptance-as-validation\" aria-label=\"Kontaktformular\" novalidate=\"novalidate\" data-status=\"init\">\n<fieldset class=\"hidden-fields-container\"><input type=\"hidden\" name=\"_wpcf7\" value=\"11\" \/><input type=\"hidden\" name=\"_wpcf7_version\" value=\"6.1.5\" \/><input type=\"hidden\" name=\"_wpcf7_locale\" value=\"de_DE_formal\" \/><input type=\"hidden\" name=\"_wpcf7_unit_tag\" value=\"wpcf7-f11-o1\" \/><input type=\"hidden\" name=\"_wpcf7_container_post\" value=\"0\" \/><input type=\"hidden\" name=\"_wpcf7_posted_data_hash\" value=\"\" \/><input type=\"hidden\" name=\"_wpcf7cf_hidden_group_fields\" value=\"[]\" \/><input type=\"hidden\" name=\"_wpcf7cf_hidden_groups\" value=\"[]\" \/><input type=\"hidden\" name=\"_wpcf7cf_visible_groups\" value=\"[]\" \/><input type=\"hidden\" name=\"_wpcf7cf_repeaters\" value=\"[]\" \/><input type=\"hidden\" name=\"_wpcf7cf_steps\" value=\"{}\" \/><input type=\"hidden\" name=\"_wpcf7cf_options\" value=\"{&quot;form_id&quot;:11,&quot;conditions&quot;:[],&quot;settings&quot;:{&quot;animation&quot;:&quot;yes&quot;,&quot;animation_intime&quot;:200,&quot;animation_outtime&quot;:200,&quot;conditions_ui&quot;:&quot;normal&quot;,&quot;notice_dismissed&quot;:false}}\" \/><input type=\"hidden\" name=\"_wpcf7_recaptcha_response\" value=\"\" \/>\n<\/fieldset>\n<p>Firma: <span class=\"wpcf7-form-control-wrap\" data-name=\"Firma\"><input size=\"40\" maxlength=\"400\" class=\"wpcf7-form-control wpcf7-text fullwidth\" aria-invalid=\"false\" value=\"\" type=\"text\" name=\"Firma\" \/><\/span>\n<\/p>\n<div class=\"clearfix_WAM\">\n\t<div id=\"left50\">\n\t\t<p>Vorname*: <span class=\"wpcf7-form-control-wrap\" data-name=\"Vorname\"><input size=\"40\" maxlength=\"400\" class=\"wpcf7-form-control wpcf7-text wpcf7-validates-as-required fullwidth\" aria-required=\"true\" aria-invalid=\"false\" value=\"\" type=\"text\" name=\"Vorname\" \/><\/span>\n\t\t<\/p>\n\t<\/div>\n\t<div id=\"right50\">\n\t\t<p>Nachname*: <span class=\"wpcf7-form-control-wrap\" data-name=\"Nachname\"><input size=\"40\" maxlength=\"400\" class=\"wpcf7-form-control wpcf7-text wpcf7-validates-as-required fullwidth\" aria-required=\"true\" aria-invalid=\"false\" value=\"\" type=\"text\" name=\"Nachname\" \/><\/span>\n\t\t<\/p>\n\t<\/div>\n<\/div>\n<p>E-Mail*: <span class=\"wpcf7-form-control-wrap\" data-name=\"email\"><input size=\"40\" maxlength=\"400\" class=\"wpcf7-form-control wpcf7-email wpcf7-validates-as-required wpcf7-text wpcf7-validates-as-email fullwidth\" aria-required=\"true\" aria-invalid=\"false\" value=\"\" type=\"email\" name=\"email\" \/><\/span>\n<\/p>\n<p>Telefon*: <span class=\"wpcf7-form-control-wrap\" data-name=\"Telefon\"><input size=\"40\" maxlength=\"400\" class=\"wpcf7-form-control wpcf7-tel wpcf7-validates-as-required wpcf7-text wpcf7-validates-as-tel fullwidth\" aria-required=\"true\" aria-invalid=\"false\" value=\"\" type=\"tel\" name=\"Telefon\" \/><\/span>\n<\/p>\n<p>Ihre Frage: <span class=\"wpcf7-form-control-wrap\" data-name=\"message\"><textarea cols=\"200\" rows=\"7\" maxlength=\"2000\" class=\"wpcf7-form-control wpcf7-textarea\" aria-invalid=\"false\" name=\"message\"><\/textarea><\/span>\n<\/p>\n<div style=\"\">\n\t<p><span class=\"wpcf7-form-control-wrap\" data-name=\"agb\"><span class=\"wpcf7-form-control wpcf7-acceptance\"><span class=\"wpcf7-list-item\"><input type=\"checkbox\" name=\"agb\" value=\"1\" aria-invalid=\"false\" \/><\/span><\/span><\/span> (*) Ich habe die <a href=\"https:\/\/www.sprachschule-aktiv-passau.de\/allgemeine-geschaeftsbedingungen\/\" target=\"_blank\">Allgemeinen Gesch\u00e4ftsbedingungen<\/a> akzeptiert und habe die Hinweise zum <a href=\"https:\/\/www.sprachschule-aktiv-passau.de\/datenschutzerklaerung\/\" target=\"_blank\">Datenschutz<\/a> zur Kenntnis genommen.\n\t<\/p>\n<\/div>\n<p><b>Wichtige Information \u2013 Nutzung Ihrer Daten aus diesem Formular<\/b><br \/>\nWichtige Hinweise zum Datenschutz: Ich habe zur Kenntnis genommen, dass ich das Recht auf Auskunft, Korrektur, L\u00f6schung oder Anonymisierung meiner Daten habe. Ihre pers\u00f6nlichen Daten werden in unserer hausinternen Datenbank gespeichert und dienen ausschlie\u00dflich der Bearbeitung Ihrer Anfrage bzw. Anmeldung. Wir geben Ihre pers\u00f6nlichen Daten grunds\u00e4tzlich nicht ohne Ihre Einwilligung an Dritte weiter, sofern dies nicht zur Vertragsdurchf\u00fchrung notwendig ist oder Sie uns dazu auffordern. Weitere Informationen entnehmen Sie bitte unserer <a href=\"https:\/\/www.sprachschule-aktiv-passau.de\/datenschutzerklaerung\/\" target=\"_blank\">Datenschutzerkl\u00e4rung<\/a>.\n<\/p>\n<p><input class=\"wpcf7-form-control wpcf7-submit has-spinner fullwidth\" type=\"submit\" value=\"Senden\" \/>\n<\/p><p style=\"display: none !important;\" class=\"akismet-fields-container\" data-prefix=\"_wpcf7_ak_\"><label>&#916;<textarea name=\"_wpcf7_ak_hp_textarea\" cols=\"45\" rows=\"8\" maxlength=\"100\"><\/textarea><\/label><input type=\"hidden\" id=\"ak_js_1\" name=\"_wpcf7_ak_js\" value=\"25\"\/><script>document.getElementById( \"ak_js_1\" ).setAttribute( \"value\", ( new Date() ).getTime() );<\/script><\/p><div class=\"wpcf7-response-output\" aria-hidden=\"true\"><\/div>\n<\/form>\n<\/div>\n[vc_zigzag][vc_column_text css=&#8221;.vc_custom_1529647559394{margin-top: 10px !important;}&#8221;]<span style=\"font-size: 12px;\"><b>Wichtige Information &#8211; Nutzung Ihrer Daten aus diesem Formular<\/b><\/span><\/p>\n<p><span style=\"font-size: 12px;\">Die personenbezogenen Daten, die Sie uns im Rahmen dieser Kontaktanfrage zur Verf\u00fcgung stellen, werden nur f\u00fcr die Bearbeitung Ihrer Anfrage und Teilnahme verwendet. Die Weitergabe an Dritte findet nicht statt.Sie haben das Recht, eine erteilte Einwilligung mit Wirkung f\u00fcr die Zukunft jederzeit zu widerrufen. In diesem Fall werden Ihre personenbezogenen Daten umgehend gel\u00f6scht.<\/span><\/p>\n<p><span style=\"font-size: 12px;\">Ihre personenbezogenen Daten werden gel\u00f6scht, wenn Sie die hier erteilte Einwilligung zur Speicherung widerrufen. Dies geschieht auch, wenn die Speicherung aus sonstigen gesetzlichen Gr\u00fcnden unzul\u00e4ssig ist.<\/span><\/p>\n<p><span style=\"font-size: 12px;\">Sie k\u00f6nnen sich jederzeit \u00fcber die zu Ihrer Person gespeicherten Daten informieren. Detaillierte Informationen zum Datenschutz und zum Umgang mit personenbezogenen Daten finden Sie in der allgemeinen Datenschutzerkl\u00e4rung dieser Website.<\/span>[\/vc_column_text][\/vc_column_inner][vc_column_inner width=&#8221;1\/3&#8243; css=&#8221;.vc_custom_1486292395419{margin-top: 25px !important;}&#8221;][vc_column_text]<\/p>\n<h2>Sprachschule Aktiv Passau<\/h2>\n<p>Steiningergasse 2<br \/>\nD-94032 Passau<\/p>\n<p>Tel.: <span class=\"\">+49 (0) 851 966 924 13<\/span><\/p>\n<p>WhatsApp: <span class=\"\">+49 (0) 151 164 746 70<\/span><\/p>\n<p>E-Mail: <a href=\"mailto:passau@sprachschule-aktiv.de\">passau@sprachschule-aktiv.de<\/a><\/p>\n<h3>B\u00fcro-\u00d6ffnungszeiten:<\/h3>\n<p>Montag:\u00a0 \u00a0 \u00a0 \u00a0 \u00a0 \u00a0 \u00a0 8:30 &#8211; 17:30 Uhr<\/p>\n<p>Dienstag:\u00a0 \u00a0 \u00a0 \u00a0 \u00a0 \u00a0 8:30 &#8211; 12:30 Uhr<\/p>\n<p>Mittwoch:\u00a0 \u00a0 \u00a0 \u00a0 \u00a0 \u00a08:30 &#8211; 17:30 Uhr<\/p>\n<p>Donnerstag:\u00a0 \u00a0 \u00a0 \u00a08:30 &#8211; 12:30 Uhr<\/p>\n<p>Freitag:\u00a0 \u00a0 \u00a0 \u00a0 \u00a0 \u00a0 \u00a0 \u00a08:30 &#8211; 12:30 Uhr[\/vc_column_text][\/vc_column_inner][\/vc_row_inner][\/vc_column][\/vc_row]<\/p>\n","protected":false},"excerpt":{"rendered":"<p>[vc_row css=&#8221;.vc_custom_1486284745672{margin-top: 25px !important;padding-bottom: 30px !important;}&#8221;][vc_column][vc_column_text] Kontaktformular &#8211; Sprachschule Aktiv Passau Lage, \u00d6ffnungszeiten, Standorte und Kontakt der Sprachschule Aktiv Passau. Bitte nehmen Sie mit uns Kontakt \u00fcber unser Kontaktformular auf:[\/vc_column_text][vc_separator css=&#8221;.vc_custom_1486292233861{padding-top: 30px !important;padding-bottom: 30px !important;}&#8221;][vc_row_inner][vc_column_inner width=&#8221;2\/3&#8243;][vc_zigzag][vc_column_text css=&#8221;.vc_custom_1529647559394{margin-top: 10px !important;}&#8221;]Wichtige Information &#8211; Nutzung Ihrer Daten aus diesem Formular Die personenbezogenen Daten, die Sie uns im Rahmen&hellip; <a class=\"read-more\" href=\"https:\/\/www.sprachschule-aktiv-passau.de\/cs\/kontakt\/\" title=\"Read Kontakt\">Read more &raquo;<\/a><\/p>\n","protected":false},"author":1,"featured_media":0,"parent":0,"menu_order":0,"comment_status":"closed","ping_status":"closed","template":"","meta":{"footnotes":""},"class_list":["post-2839","page","type-page","status-publish","hentry"],"yoast_head":"<!-- This site is optimized with the Yoast SEO plugin v27.1.1 - https:\/\/yoast.com\/product\/yoast-seo-wordpress\/ -->\n<title>Kontaktformular - Sprachschule Aktiv Passau<\/title>\n<meta name=\"description\" content=\"Nehmen Sie jetzt kostenlos und unverbindlich Kontakt zu uns auf. Wir werden Ihre Anfrage schnellstm\u00f6glich beantworten. Alternativ k\u00f6nnen Sie uns anrufen.\" \/>\n<meta name=\"robots\" content=\"index, follow, max-snippet:-1, max-image-preview:large, max-video-preview:-1\" \/>\n<link rel=\"canonical\" href=\"https:\/\/www.sprachschule-aktiv-passau.de\/cs\/kontakt\/\" \/>\n<meta property=\"og:locale\" content=\"cs_CZ\" \/>\n<meta property=\"og:type\" content=\"article\" \/>\n<meta property=\"og:title\" content=\"Kontaktformular - Sprachschule Aktiv Passau\" \/>\n<meta property=\"og:description\" content=\"Nehmen Sie jetzt kostenlos und unverbindlich Kontakt zu uns auf. Wir werden Ihre Anfrage schnellstm\u00f6glich beantworten. Alternativ k\u00f6nnen Sie uns anrufen.\" \/>\n<meta property=\"og:url\" content=\"https:\/\/www.sprachschule-aktiv-passau.de\/cs\/kontakt\/\" \/>\n<meta property=\"og:site_name\" content=\"Sprachschule Aktiv Passau\" \/>\n<meta property=\"article:modified_time\" content=\"2026-03-27T07:25:44+00:00\" \/>\n<meta name=\"twitter:card\" content=\"summary_large_image\" \/>\n<meta name=\"twitter:label1\" content=\"Odhadovan\u00e1 doba \u010dten\u00ed\" \/>\n\t<meta name=\"twitter:data1\" content=\"2 minuty\" \/>\n<script type=\"application\/ld+json\" class=\"yoast-schema-graph\">{\"@context\":\"https:\/\/schema.org\",\"@graph\":[{\"@type\":\"WebPage\",\"@id\":\"https:\/\/www.sprachschule-aktiv-passau.de\/cs\/kontakt\/\",\"url\":\"https:\/\/www.sprachschule-aktiv-passau.de\/cs\/kontakt\/\",\"name\":\"Kontaktformular - Sprachschule Aktiv Passau\",\"isPartOf\":{\"@id\":\"https:\/\/www.sprachschule-aktiv-passau.de\/en\/#website\"},\"datePublished\":\"2020-08-10T15:56:41+00:00\",\"dateModified\":\"2026-03-27T07:25:44+00:00\",\"description\":\"Nehmen Sie jetzt kostenlos und unverbindlich Kontakt zu uns auf. Wir werden Ihre Anfrage schnellstm\u00f6glich beantworten. Alternativ k\u00f6nnen Sie uns anrufen.\",\"breadcrumb\":{\"@id\":\"https:\/\/www.sprachschule-aktiv-passau.de\/cs\/kontakt\/#breadcrumb\"},\"inLanguage\":\"cs\",\"potentialAction\":[{\"@type\":\"ReadAction\",\"target\":[\"https:\/\/www.sprachschule-aktiv-passau.de\/cs\/kontakt\/\"]}]},{\"@type\":\"BreadcrumbList\",\"@id\":\"https:\/\/www.sprachschule-aktiv-passau.de\/cs\/kontakt\/#breadcrumb\",\"itemListElement\":[{\"@type\":\"ListItem\",\"position\":1,\"name\":\"Startseite\",\"item\":\"https:\/\/www.sprachschule-aktiv-passau.de\/cs\/\"},{\"@type\":\"ListItem\",\"position\":2,\"name\":\"Kontakt\"}]},{\"@type\":\"WebSite\",\"@id\":\"https:\/\/www.sprachschule-aktiv-passau.de\/en\/#website\",\"url\":\"https:\/\/www.sprachschule-aktiv-passau.de\/en\/\",\"name\":\"Sprachschule Aktiv Passau\",\"description\":\"\",\"potentialAction\":[{\"@type\":\"SearchAction\",\"target\":{\"@type\":\"EntryPoint\",\"urlTemplate\":\"https:\/\/www.sprachschule-aktiv-passau.de\/en\/?s={search_term_string}\"},\"query-input\":{\"@type\":\"PropertyValueSpecification\",\"valueRequired\":true,\"valueName\":\"search_term_string\"}}],\"inLanguage\":\"cs\"}]}<\/script>\n<!-- \/ Yoast SEO plugin. -->","yoast_head_json":{"title":"Kontaktformular - Sprachschule Aktiv Passau","description":"Nehmen Sie jetzt kostenlos und unverbindlich Kontakt zu uns auf. Wir werden Ihre Anfrage schnellstm\u00f6glich beantworten. Alternativ k\u00f6nnen Sie uns anrufen.","robots":{"index":"index","follow":"follow","max-snippet":"max-snippet:-1","max-image-preview":"max-image-preview:large","max-video-preview":"max-video-preview:-1"},"canonical":"https:\/\/www.sprachschule-aktiv-passau.de\/cs\/kontakt\/","og_locale":"cs_CZ","og_type":"article","og_title":"Kontaktformular - Sprachschule Aktiv Passau","og_description":"Nehmen Sie jetzt kostenlos und unverbindlich Kontakt zu uns auf. Wir werden Ihre Anfrage schnellstm\u00f6glich beantworten. Alternativ k\u00f6nnen Sie uns anrufen.","og_url":"https:\/\/www.sprachschule-aktiv-passau.de\/cs\/kontakt\/","og_site_name":"Sprachschule Aktiv Passau","article_modified_time":"2026-03-27T07:25:44+00:00","twitter_card":"summary_large_image","twitter_misc":{"Odhadovan\u00e1 doba \u010dten\u00ed":"2 minuty"},"schema":{"@context":"https:\/\/schema.org","@graph":[{"@type":"WebPage","@id":"https:\/\/www.sprachschule-aktiv-passau.de\/cs\/kontakt\/","url":"https:\/\/www.sprachschule-aktiv-passau.de\/cs\/kontakt\/","name":"Kontaktformular - Sprachschule Aktiv Passau","isPartOf":{"@id":"https:\/\/www.sprachschule-aktiv-passau.de\/en\/#website"},"datePublished":"2020-08-10T15:56:41+00:00","dateModified":"2026-03-27T07:25:44+00:00","description":"Nehmen Sie jetzt kostenlos und unverbindlich Kontakt zu uns auf. Wir werden Ihre Anfrage schnellstm\u00f6glich beantworten. Alternativ k\u00f6nnen Sie uns anrufen.","breadcrumb":{"@id":"https:\/\/www.sprachschule-aktiv-passau.de\/cs\/kontakt\/#breadcrumb"},"inLanguage":"cs","potentialAction":[{"@type":"ReadAction","target":["https:\/\/www.sprachschule-aktiv-passau.de\/cs\/kontakt\/"]}]},{"@type":"BreadcrumbList","@id":"https:\/\/www.sprachschule-aktiv-passau.de\/cs\/kontakt\/#breadcrumb","itemListElement":[{"@type":"ListItem","position":1,"name":"Startseite","item":"https:\/\/www.sprachschule-aktiv-passau.de\/cs\/"},{"@type":"ListItem","position":2,"name":"Kontakt"}]},{"@type":"WebSite","@id":"https:\/\/www.sprachschule-aktiv-passau.de\/en\/#website","url":"https:\/\/www.sprachschule-aktiv-passau.de\/en\/","name":"Sprachschule Aktiv Passau","description":"","potentialAction":[{"@type":"SearchAction","target":{"@type":"EntryPoint","urlTemplate":"https:\/\/www.sprachschule-aktiv-passau.de\/en\/?s={search_term_string}"},"query-input":{"@type":"PropertyValueSpecification","valueRequired":true,"valueName":"search_term_string"}}],"inLanguage":"cs"}]}},"_links":{"self":[{"href":"https:\/\/www.sprachschule-aktiv-passau.de\/cs\/wp-json\/wp\/v2\/pages\/2839","targetHints":{"allow":["GET"]}}],"collection":[{"href":"https:\/\/www.sprachschule-aktiv-passau.de\/cs\/wp-json\/wp\/v2\/pages"}],"about":[{"href":"https:\/\/www.sprachschule-aktiv-passau.de\/cs\/wp-json\/wp\/v2\/types\/page"}],"author":[{"embeddable":true,"href":"https:\/\/www.sprachschule-aktiv-passau.de\/cs\/wp-json\/wp\/v2\/users\/1"}],"replies":[{"embeddable":true,"href":"https:\/\/www.sprachschule-aktiv-passau.de\/cs\/wp-json\/wp\/v2\/comments?post=2839"}],"version-history":[{"count":2,"href":"https:\/\/www.sprachschule-aktiv-passau.de\/cs\/wp-json\/wp\/v2\/pages\/2839\/revisions"}],"predecessor-version":[{"id":3237,"href":"https:\/\/www.sprachschule-aktiv-passau.de\/cs\/wp-json\/wp\/v2\/pages\/2839\/revisions\/3237"}],"wp:attachment":[{"href":"https:\/\/www.sprachschule-aktiv-passau.de\/cs\/wp-json\/wp\/v2\/media?parent=2839"}],"curies":[{"name":"wp","href":"https:\/\/api.w.org\/{rel}","templated":true}]}}