{"id":2795,"date":"2023-10-12T18:26:43","date_gmt":"2023-10-12T16:26:43","guid":{"rendered":"https:\/\/www.sprachschule-aktiv-passau.de\/?page_id=2795"},"modified":"2023-11-07T18:20:59","modified_gmt":"2023-11-07T17:20:59","slug":"home","status":"publish","type":"page","link":"https:\/\/www.sprachschule-aktiv-passau.de\/cs\/","title":{"rendered":"Home"},"content":{"rendered":"<p>[vc_row][vc_column][vc_single_image image=&#8221;2824&#8243; img_size=&#8221;full&#8221; alignment=&#8221;center&#8221; onclick=&#8221;custom_link&#8221; link=&#8221;http:\/\/www.sprachschule-aktiv-passau.de\/cs\/jetzt-buchen&#8221; css=&#8221;.vc_custom_1699377634249{margin-top: 30px !important;}&#8221;][\/vc_column][\/vc_row][vc_row][vc_column][vc_column_text css=&#8221;.vc_custom_1699128814166{margin-top: 50px !important;}&#8221;]<\/p>\n<h1>Deutsch lernen in Passau \u2013 Kurzy n\u011bm\u010diny pro za\u010d\u00e1te\u010dn\u00edky i pokro\u010dil\u00e9 (A1 a\u017e C2)<\/h1>\n<p>U\u010dte se v Pasov\u011b n\u011bmecky v mal\u00fdch skupin\u00e1ch spolu s rodil\u00fdmi mluv\u010d\u00edmi. Nab\u00edz\u00edme kurzy n\u011bm\u010diny pro za\u010d\u00e1te\u010dn\u00edky i pokro\u010dil\u00e9 na v\u0161ech jazykov\u00fdch \u00farovn\u00edch. Na\u0161e slu\u017eby nab\u00edzej\u00ed bezplatn\u00fd roz\u0159azovac\u00ed test a k\u00a0tomu jednu zku\u0161ebn\u00ed hodinu zdarma.[\/vc_column_text][\/vc_column][\/vc_row][vc_row][vc_column]\t<div class=\"vc_btn3-container vc_btn3-inline\">\n\t\t<a href=\"https:\/\/www.sprachschule-aktiv-passau.de\/cs\/jetzt-buchen\/\" title=\"Zaregistrujte se nyn\u00ed\" class=\"pgs_btn pgs_btn_style_1 pgs_btn_xl\">\n\t\t\t<span>\n\t\t\t\tP\u0159ihl\u00e1\u0161en\u00ed\t\t\t<\/span>\n\t\t\t\t\t\t<i class=\"fas fa-angle-double-right\"><\/i>\n\t\t\t\t\t<\/a>\n\t<\/div>\n\t[\/vc_column][\/vc_row][vc_row][vc_column][vc_column_text]M\u00e1te z\u00e1jem o kurz n\u011bm\u010diny? Na\u0161e nab\u00eddka zahrnuje r\u016fzn\u00e9 typy kurz\u016f, ze kter\u00fdch si vyberete ten, kter\u00fd v\u00e1m nejv\u00edce vyhovuje. Pro kter\u00fd kurz se rozhodnete, z\u00e1le\u017e\u00ed na va\u0161em voln\u00e9m \u010dase.<\/p>\n<p>Nab\u00edz\u00edme jazykov\u00e9 kurzy n\u011bm\u010diny pro ka\u017edou \u00farove\u0148, a\u0165 u\u017e jste za\u010d\u00e1te\u010dn\u00edk nebo pokro\u010dil\u00fd, u n\u00e1s si najdete kurz, kter\u00fd V\u00e1m nejv\u00edce vyhovuje! Na\u0161i rodil\u00ed mluv\u010d\u00ed V\u00e1s podpo\u0159\u00ed, abyste rychle d\u011blali pokroky a dos\u00e1hli tak c\u00edle. A pr\u00e1v\u011b proto je u\u010den\u00ed n\u011bm\u010diny z\u00e1bava!<\/p>\n<h2><strong>Na\u0161e Jazykov\u00e1 \u0161kola v\u00a0Pasov\u011b se specializuje na kurzy n\u011bm\u010diny<\/strong><\/h2>\n<p>Jak\u00e9 v\u00fdhody V\u00e1m p\u0159in\u00e1\u0161\u00ed kurz n\u011bm\u010diny v\u00a0Jazykov\u00e9 \u0161kole Aktiv? V\u0161echny n\u011bmeck\u00e9 kurzy od \u00farovn\u011b A1 a\u017e do \u00farovn\u011b C2 jsou vedeny vyu\u010duj\u00edc\u00edmi, kte\u0159\u00ed jsou z\u00e1rove\u0148 rodil\u00ed mluv\u010d\u00ed. Ti V\u00e1s podle Va\u0161\u00ed jazykov\u00e9 \u00farovn\u011b nau\u010d\u00ed, budou V\u00e1s podporovat a v\u017edy V\u00e1m budou n\u00e1pomocn\u00ed. V\u00a0p\u0159\u00edpad\u011b dotaz\u016f nebo nejasnost\u00ed mimo kurz V\u00e1m bude kdykoliv k\u00a0dispozici n\u00e1\u0161 p\u0159\u00e1telsk\u00fd t\u00fdm.<\/p>\n<p>K\u00a0tomu v\u0161emu nab\u00edz\u00edme pravideln\u00fd a z\u00e1bavn\u00fd program ve voln\u00e9m \u010dase, kdy pozn\u00e1te \u00fa\u010dastn\u00edky z\u00a0ostatn\u00edch kurz\u016f, a m\u016f\u017eete tak nav\u00e1zat nov\u00e1 p\u0159\u00e1telstv\u00ed. P\u0159ed za\u010d\u00e1tkem kurzu m\u00e1te mo\u017enost absolvovat n\u00e1\u0161 bezplatn\u00fd roz\u0159azovac\u00ed test a tak\u00e9 m\u016f\u017eete vyu\u017e\u00edt mo\u017enost prvn\u00ed zku\u0161ebn\u00ed hodiny zdarma.[\/vc_column_text][\/vc_column][\/vc_row][vc_row][vc_column][vc_column_text]<\/p>\n<h2><strong>Jak dobr\u00e1 je Va\u0161e n\u011bm\u010dina? Najd\u011bte svoji \u00farove\u0148<\/strong><\/h2>\n<p>Na\u0161e kurzy jsou rozd\u011bleny podle Spole\u010dn\u00e9ho evropsk\u00e9ho referen\u010dn\u00edho r\u00e1mce pro jazyky (SERR). Podle t\u00e9to sm\u011brnice jsou jazykov\u00e9 \u00farovn\u011b n\u00e1sleduj\u00edc\u00ed: A1, A2, B1, B2, C1 a C2. Kurzy na \u00farovni A1 a A2 pat\u0159\u00ed mezi za\u010d\u00e1te\u010dnick\u00e9, zat\u00edmco kurzy \u00farovn\u011b B by m\u011bli nav\u0161t\u011bvovat pokro\u010dil\u00ed. Pokud jsou va\u0161e znalosti na \u00farovni rodil\u00e9ho mluv\u010d\u00edho, jsou pro V\u00e1s ide\u00e1ln\u00ed kurzy na \u00farovni C.<\/p>\n<p>Orientace podle SERR zaru\u010duje vysokou kvalitu na\u0161ich kurz\u016f a d\u00e1le V\u00e1m tak\u00e9 umo\u017e\u0148uje plynul\u00fd p\u0159esun z\u00a0jednoho kurzu do druh\u00e9ho. Nezn\u00e1te Va\u0161i \u00farove\u0148? S\u00a0na\u0161\u00edm bezplatn\u00fdm roz\u0159azovac\u00edm testem ji zjist\u00edte rychle a jednodu\u0161e.[\/vc_column_text][\/vc_column][\/vc_row][vc_row][vc_column][vc_column_text]<\/p>\n<h2><strong>Jazykov\u00e1 \u0161kola Aktiv v Pasov\u011b<\/strong><\/h2>\n<p>Skrze Jazykovou \u0161kolu Aktiv v\u00a0Pasov\u011b V\u00e1m je k\u00a0dispozici modern\u00ed a inovativn\u00ed vzd\u011bl\u00e1vac\u00ed centrum. V\u00fduka se \u0159\u00edd\u00ed vysok\u00fdm standardem Spole\u010dn\u00e9ho evropsk\u00e9ho referen\u010dn\u00edho r\u00e1mce pro jazyky (SERR). Na\u0161i zku\u0161en\u00ed a motivovan\u00ed vyu\u010duj\u00edc\u00ed V\u00e1m p\u0159in\u00e1\u0161\u00ed vzd\u011bl\u00e1vac\u00ed materi\u00e1ly s\u00a0modern\u00edmi a didaktick\u00fdmi metodami, kter\u00e9 jsou zaj\u00edmav\u00e9 a pestr\u00e9.<\/p>\n<p>Na konci ka\u017ed\u00e9ho kurzu dostanou \u00fa\u010dastn\u00edci jazykov\u00fd certifik\u00e1t. Vynikaj\u00edc\u00ed hodnocen\u00ed na\u0161ich spokojen\u00fdch absolvent\u016f mluv\u00ed za v\u0161e.[\/vc_column_text][\/vc_column][\/vc_row]<\/p>\n","protected":false},"excerpt":{"rendered":"<p>[vc_row][vc_column][vc_single_image image=&#8221;2824&#8243; img_size=&#8221;full&#8221; alignment=&#8221;center&#8221; onclick=&#8221;custom_link&#8221; link=&#8221;http:\/\/www.sprachschule-aktiv-passau.de\/cs\/jetzt-buchen&#8221; css=&#8221;.vc_custom_1699377634249{margin-top: 30px !important;}&#8221;][\/vc_column][\/vc_row][vc_row][vc_column][vc_column_text css=&#8221;.vc_custom_1699128814166{margin-top: 50px !important;}&#8221;] Deutsch lernen in Passau \u2013 Kurzy n\u011bm\u010diny pro za\u010d\u00e1te\u010dn\u00edky i pokro\u010dil\u00e9 (A1 a\u017e C2) U\u010dte se v Pasov\u011b n\u011bmecky v mal\u00fdch skupin\u00e1ch spolu s rodil\u00fdmi mluv\u010d\u00edmi. Nab\u00edz\u00edme kurzy n\u011bm\u010diny pro za\u010d\u00e1te\u010dn\u00edky i pokro\u010dil\u00e9 na v\u0161ech jazykov\u00fdch \u00farovn\u00edch. Na\u0161e slu\u017eby nab\u00edzej\u00ed bezplatn\u00fd roz\u0159azovac\u00ed test&hellip; <a class=\"read-more\" href=\"https:\/\/www.sprachschule-aktiv-passau.de\/cs\/\" title=\"Read Home\">Read more &raquo;<\/a><\/p>\n","protected":false},"author":3,"featured_media":0,"parent":0,"menu_order":0,"comment_status":"closed","ping_status":"closed","template":"","meta":{"footnotes":""},"class_list":["post-2795","page","type-page","status-publish","hentry"],"yoast_head":"<!-- This site is optimized with the Yoast SEO plugin v27.1.1 - https:\/\/yoast.com\/product\/yoast-seo-wordpress\/ -->\n<title>Kurzy n\u011bm\u010diny v Pasov\u011b \u2013 u\u010dte se v Pasov\u011b n\u011bmecky<\/title>\n<meta name=\"description\" content=\"U\u010dte se v Pasov\u011b n\u011bmecky, v mal\u00fdch skupin\u00e1ch pro za\u010d\u00e1te\u010dn\u00edky i pokro\u010dil\u00e9, na ka\u017ed\u00e9 \u00farovni, s veden\u00edm kompetentn\u00edch rodil\u00fdch mluv\u010d\u00edch\" \/>\n<meta name=\"robots\" content=\"index, follow, max-snippet:-1, max-image-preview:large, max-video-preview:-1\" \/>\n<link rel=\"canonical\" href=\"https:\/\/www.sprachschule-aktiv-passau.de\/cs\/\" \/>\n<meta property=\"og:locale\" content=\"cs_CZ\" \/>\n<meta property=\"og:type\" content=\"article\" \/>\n<meta property=\"og:title\" content=\"Kurzy n\u011bm\u010diny v Pasov\u011b \u2013 u\u010dte se v Pasov\u011b n\u011bmecky\" \/>\n<meta property=\"og:description\" content=\"U\u010dte se v Pasov\u011b n\u011bmecky, v mal\u00fdch skupin\u00e1ch pro za\u010d\u00e1te\u010dn\u00edky i pokro\u010dil\u00e9, na ka\u017ed\u00e9 \u00farovni, s veden\u00edm kompetentn\u00edch rodil\u00fdch mluv\u010d\u00edch\" \/>\n<meta property=\"og:url\" content=\"https:\/\/www.sprachschule-aktiv-passau.de\/cs\/\" \/>\n<meta property=\"og:site_name\" content=\"Sprachschule Aktiv Passau\" \/>\n<meta property=\"article:modified_time\" content=\"2023-11-07T17:20:59+00:00\" \/>\n<meta name=\"twitter:card\" content=\"summary_large_image\" \/>\n<meta name=\"twitter:label1\" content=\"Odhadovan\u00e1 doba \u010dten\u00ed\" \/>\n\t<meta name=\"twitter:data1\" content=\"3 minuty\" \/>\n<script type=\"application\/ld+json\" class=\"yoast-schema-graph\">{\"@context\":\"https:\/\/schema.org\",\"@graph\":[{\"@type\":\"WebPage\",\"@id\":\"https:\/\/www.sprachschule-aktiv-passau.de\/cs\/\",\"url\":\"https:\/\/www.sprachschule-aktiv-passau.de\/cs\/\",\"name\":\"Kurzy n\u011bm\u010diny v Pasov\u011b \u2013 u\u010dte se v Pasov\u011b n\u011bmecky\",\"isPartOf\":{\"@id\":\"https:\/\/www.sprachschule-aktiv-passau.de\/en\/#website\"},\"datePublished\":\"2023-10-12T16:26:43+00:00\",\"dateModified\":\"2023-11-07T17:20:59+00:00\",\"description\":\"U\u010dte se v Pasov\u011b n\u011bmecky, v mal\u00fdch skupin\u00e1ch pro za\u010d\u00e1te\u010dn\u00edky i pokro\u010dil\u00e9, na ka\u017ed\u00e9 \u00farovni, s veden\u00edm kompetentn\u00edch rodil\u00fdch mluv\u010d\u00edch\",\"breadcrumb\":{\"@id\":\"https:\/\/www.sprachschule-aktiv-passau.de\/cs\/#breadcrumb\"},\"inLanguage\":\"cs\",\"potentialAction\":[{\"@type\":\"ReadAction\",\"target\":[\"https:\/\/www.sprachschule-aktiv-passau.de\/cs\/\"]}]},{\"@type\":\"BreadcrumbList\",\"@id\":\"https:\/\/www.sprachschule-aktiv-passau.de\/cs\/#breadcrumb\",\"itemListElement\":[{\"@type\":\"ListItem\",\"position\":1,\"name\":\"Startseite\",\"item\":\"https:\/\/www.sprachschule-aktiv-passau.de\/cs\/\"},{\"@type\":\"ListItem\",\"position\":2,\"name\":\"Home\"}]},{\"@type\":\"WebSite\",\"@id\":\"https:\/\/www.sprachschule-aktiv-passau.de\/en\/#website\",\"url\":\"https:\/\/www.sprachschule-aktiv-passau.de\/en\/\",\"name\":\"Sprachschule Aktiv Passau\",\"description\":\"\",\"potentialAction\":[{\"@type\":\"SearchAction\",\"target\":{\"@type\":\"EntryPoint\",\"urlTemplate\":\"https:\/\/www.sprachschule-aktiv-passau.de\/en\/?s={search_term_string}\"},\"query-input\":{\"@type\":\"PropertyValueSpecification\",\"valueRequired\":true,\"valueName\":\"search_term_string\"}}],\"inLanguage\":\"cs\"}]}<\/script>\n<!-- \/ Yoast SEO plugin. -->","yoast_head_json":{"title":"Kurzy n\u011bm\u010diny v Pasov\u011b \u2013 u\u010dte se v Pasov\u011b n\u011bmecky","description":"U\u010dte se v Pasov\u011b n\u011bmecky, v mal\u00fdch skupin\u00e1ch pro za\u010d\u00e1te\u010dn\u00edky i pokro\u010dil\u00e9, na ka\u017ed\u00e9 \u00farovni, s veden\u00edm kompetentn\u00edch rodil\u00fdch mluv\u010d\u00edch","robots":{"index":"index","follow":"follow","max-snippet":"max-snippet:-1","max-image-preview":"max-image-preview:large","max-video-preview":"max-video-preview:-1"},"canonical":"https:\/\/www.sprachschule-aktiv-passau.de\/cs\/","og_locale":"cs_CZ","og_type":"article","og_title":"Kurzy n\u011bm\u010diny v Pasov\u011b \u2013 u\u010dte se v Pasov\u011b n\u011bmecky","og_description":"U\u010dte se v Pasov\u011b n\u011bmecky, v mal\u00fdch skupin\u00e1ch pro za\u010d\u00e1te\u010dn\u00edky i pokro\u010dil\u00e9, na ka\u017ed\u00e9 \u00farovni, s veden\u00edm kompetentn\u00edch rodil\u00fdch mluv\u010d\u00edch","og_url":"https:\/\/www.sprachschule-aktiv-passau.de\/cs\/","og_site_name":"Sprachschule Aktiv Passau","article_modified_time":"2023-11-07T17:20:59+00:00","twitter_card":"summary_large_image","twitter_misc":{"Odhadovan\u00e1 doba \u010dten\u00ed":"3 minuty"},"schema":{"@context":"https:\/\/schema.org","@graph":[{"@type":"WebPage","@id":"https:\/\/www.sprachschule-aktiv-passau.de\/cs\/","url":"https:\/\/www.sprachschule-aktiv-passau.de\/cs\/","name":"Kurzy n\u011bm\u010diny v Pasov\u011b \u2013 u\u010dte se v Pasov\u011b n\u011bmecky","isPartOf":{"@id":"https:\/\/www.sprachschule-aktiv-passau.de\/en\/#website"},"datePublished":"2023-10-12T16:26:43+00:00","dateModified":"2023-11-07T17:20:59+00:00","description":"U\u010dte se v Pasov\u011b n\u011bmecky, v mal\u00fdch skupin\u00e1ch pro za\u010d\u00e1te\u010dn\u00edky i pokro\u010dil\u00e9, na ka\u017ed\u00e9 \u00farovni, s veden\u00edm kompetentn\u00edch rodil\u00fdch mluv\u010d\u00edch","breadcrumb":{"@id":"https:\/\/www.sprachschule-aktiv-passau.de\/cs\/#breadcrumb"},"inLanguage":"cs","potentialAction":[{"@type":"ReadAction","target":["https:\/\/www.sprachschule-aktiv-passau.de\/cs\/"]}]},{"@type":"BreadcrumbList","@id":"https:\/\/www.sprachschule-aktiv-passau.de\/cs\/#breadcrumb","itemListElement":[{"@type":"ListItem","position":1,"name":"Startseite","item":"https:\/\/www.sprachschule-aktiv-passau.de\/cs\/"},{"@type":"ListItem","position":2,"name":"Home"}]},{"@type":"WebSite","@id":"https:\/\/www.sprachschule-aktiv-passau.de\/en\/#website","url":"https:\/\/www.sprachschule-aktiv-passau.de\/en\/","name":"Sprachschule Aktiv Passau","description":"","potentialAction":[{"@type":"SearchAction","target":{"@type":"EntryPoint","urlTemplate":"https:\/\/www.sprachschule-aktiv-passau.de\/en\/?s={search_term_string}"},"query-input":{"@type":"PropertyValueSpecification","valueRequired":true,"valueName":"search_term_string"}}],"inLanguage":"cs"}]}},"_links":{"self":[{"href":"https:\/\/www.sprachschule-aktiv-passau.de\/cs\/wp-json\/wp\/v2\/pages\/2795","targetHints":{"allow":["GET"]}}],"collection":[{"href":"https:\/\/www.sprachschule-aktiv-passau.de\/cs\/wp-json\/wp\/v2\/pages"}],"about":[{"href":"https:\/\/www.sprachschule-aktiv-passau.de\/cs\/wp-json\/wp\/v2\/types\/page"}],"author":[{"embeddable":true,"href":"https:\/\/www.sprachschule-aktiv-passau.de\/cs\/wp-json\/wp\/v2\/users\/3"}],"replies":[{"embeddable":true,"href":"https:\/\/www.sprachschule-aktiv-passau.de\/cs\/wp-json\/wp\/v2\/comments?post=2795"}],"version-history":[{"count":12,"href":"https:\/\/www.sprachschule-aktiv-passau.de\/cs\/wp-json\/wp\/v2\/pages\/2795\/revisions"}],"predecessor-version":[{"id":2929,"href":"https:\/\/www.sprachschule-aktiv-passau.de\/cs\/wp-json\/wp\/v2\/pages\/2795\/revisions\/2929"}],"wp:attachment":[{"href":"https:\/\/www.sprachschule-aktiv-passau.de\/cs\/wp-json\/wp\/v2\/media?parent=2795"}],"curies":[{"name":"wp","href":"https:\/\/api.w.org\/{rel}","templated":true}]}}